{"id":2844,"date":"2016-03-24T12:57:35","date_gmt":"2016-03-24T12:57:35","guid":{"rendered":"https:\/\/demo2.chethemes.com\/electro\/?page_id=2844"},"modified":"2016-03-24T12:57:35","modified_gmt":"2016-03-24T12:57:35","slug":"store-directory","status":"publish","type":"page","link":"https:\/\/www.sublloo.com\/sl\/store-directory\/","title":{"rendered":"Store Directory"},"content":{"rendered":"\t\t<div class=\"electro-store-directory clearfix\">\n\t\t\t<hr class=\"no-margin\">\n\t\t\t<div class=\"widget woocommerce widget_product_categories\"><h2 class=\"widgettitle\">Categorias de produto<\/h2><ul class=\"product-categories\"><li class=\"cat-item cat-item-182\"><a href=\"https:\/\/www.sublloo.com\/sl\/categoria-produto\/accessories-laptops-computers\/\">Accessories<\/a><\/li>\n<li class=\"cat-item cat-item-76\"><a href=\"https:\/\/www.sublloo.com\/sl\/categoria-produto\/accessories\/\">Accessories<\/a><\/li>\n<li class=\"cat-item cat-item-184\"><a href=\"https:\/\/www.sublloo.com\/sl\/categoria-produto\/accessories-video-games-consoles\/\">Accessories<\/a><\/li>\n<li class=\"cat-item cat-item-85 cat-parent\"><a href=\"https:\/\/www.sublloo.com\/sl\/categoria-produto\/aniversario-festas\/\">Anivers\u00e1rio &amp; Festas<\/a><ul class='children'>\n<li class=\"cat-item cat-item-337 cat-parent\"><a href=\"https:\/\/www.sublloo.com\/sl\/categoria-produto\/aniversario-festas\/lembrancinha-infantil\/\">Lembrancinha Infantil<\/a>\t<ul class='children'>\n<li class=\"cat-item cat-item-374\"><a href=\"https:\/\/www.sublloo.com\/sl\/categoria-produto\/aniversario-festas\/lembrancinha-infantil\/jogo-de-tabuleiro\/\">Jogo de Tabuleiro<\/a><\/li>\n\t<\/ul>\n<\/li>\n<li class=\"cat-item cat-item-692 cat-parent\"><a href=\"https:\/\/www.sublloo.com\/sl\/categoria-produto\/aniversario-festas\/sacolinhas\/\">Sacolinhas<\/a>\t<ul class='children'>\n<li class=\"cat-item cat-item-693\"><a href=\"https:\/\/www.sublloo.com\/sl\/categoria-produto\/aniversario-festas\/sacolinhas\/sacolinha-horizontal\/\">Sacolinha Horizontal<\/a><\/li>\n\t<\/ul>\n<\/li>\n<\/ul>\n<\/li>\n<li class=\"cat-item cat-item-252 cat-parent\"><a href=\"https:\/\/www.sublloo.com\/sl\/categoria-produto\/capa-de-dvd\/\">Capa de DVD<\/a><ul class='children'>\n<li class=\"cat-item cat-item-253\"><a href=\"https:\/\/www.sublloo.com\/sl\/categoria-produto\/capa-de-dvd\/capa-de-cd-dvd-triplex-250g-m%c2%b2\/\">CAPA DE CD-DVD TRIPLEX 250G\/M\u00b2<\/a><\/li>\n<\/ul>\n<\/li>\n<li class=\"cat-item cat-item-643 cat-parent\"><a href=\"https:\/\/www.sublloo.com\/sl\/categoria-produto\/cartao-de-visita-personalizavel\/\">Cart\u00e3o de Visita Personaliz\u00e1vel<\/a><ul class='children'>\n<li class=\"cat-item cat-item-653 cat-parent\"><a href=\"https:\/\/www.sublloo.com\/sl\/categoria-produto\/cartao-de-visita-personalizavel\/lanchonete-delivery\/\">Lanchonetes Delivery<\/a>\t<ul class='children'>\n<li class=\"cat-item cat-item-648\"><a href=\"https:\/\/www.sublloo.com\/sl\/categoria-produto\/cartao-de-visita-personalizavel\/lanchonete-delivery\/hamburgueria\/\">Hamburgueria<\/a><\/li>\n<li class=\"cat-item cat-item-644\"><a href=\"https:\/\/www.sublloo.com\/sl\/categoria-produto\/cartao-de-visita-personalizavel\/lanchonete-delivery\/pizzaria\/\">Pizzaria<\/a><\/li>\n\t<\/ul>\n<\/li>\n<li class=\"cat-item cat-item-650 cat-parent\"><a href=\"https:\/\/www.sublloo.com\/sl\/categoria-produto\/cartao-de-visita-personalizavel\/profissionais-liberais\/\">Profissionais Liberais<\/a>\t<ul class='children'>\n<li class=\"cat-item cat-item-651\"><a href=\"https:\/\/www.sublloo.com\/sl\/categoria-produto\/cartao-de-visita-personalizavel\/profissionais-liberais\/construcao-civil\/\">Constru\u00e7\u00e3o Civil<\/a><\/li>\n\t<\/ul>\n<\/li>\n<\/ul>\n<\/li>\n<li class=\"cat-item cat-item-257 cat-parent\"><a href=\"https:\/\/www.sublloo.com\/sl\/categoria-produto\/cartazes\/\">Cartazes<\/a><ul class='children'>\n<li class=\"cat-item cat-item-258\"><a href=\"https:\/\/www.sublloo.com\/sl\/categoria-produto\/cartazes\/cartazes-couche-115g-m%c2%b2\/\">CARTAZES - COUCH\u00ca 115G\/M\u00b2<\/a><\/li>\n<li class=\"cat-item cat-item-259\"><a href=\"https:\/\/www.sublloo.com\/sl\/categoria-produto\/cartazes\/cartazes-couche-150g-m%c2%b2\/\">CARTAZES - COUCH\u00ca 150G\/M\u00b2<\/a><\/li>\n<li class=\"cat-item cat-item-260\"><a href=\"https:\/\/www.sublloo.com\/sl\/categoria-produto\/cartazes\/cartazes-couche-250g-m%c2%b2\/\">CARTAZES - COUCH\u00ca 250G\/M\u00b2<\/a><\/li>\n<li class=\"cat-item cat-item-261\"><a href=\"https:\/\/www.sublloo.com\/sl\/categoria-produto\/cartazes\/cartazes-couche-80g-m%c2%b2\/\">CARTAZES - COUCH\u00ca 80G\/M\u00b2<\/a><\/li>\n<li class=\"cat-item cat-item-262\"><a href=\"https:\/\/www.sublloo.com\/sl\/categoria-produto\/cartazes\/cartazes-couche-90g-m%c2%b2\/\">CARTAZES - COUCH\u00ca 90G\/M\u00b2<\/a><\/li>\n<\/ul>\n<\/li>\n<li class=\"cat-item cat-item-263 cat-parent\"><a href=\"https:\/\/www.sublloo.com\/sl\/categoria-produto\/cartela-para-bijuteria\/\">Cartela para Bijuteria<\/a><ul class='children'>\n<li class=\"cat-item cat-item-264\"><a href=\"https:\/\/www.sublloo.com\/sl\/categoria-produto\/cartela-para-bijuteria\/cartelas-verniz-localizado-laminacao-fosca\/\">CARTELAS - VERNIZ LOCALIZADO + LAMINA\u00c7\u00c3O FOSCA<\/a><\/li>\n<li class=\"cat-item cat-item-265\"><a href=\"https:\/\/www.sublloo.com\/sl\/categoria-produto\/cartela-para-bijuteria\/cartelas-verniz-total-frente\/\">CARTELAS - VERNIZ TOTAL FRENTE<\/a><\/li>\n<\/ul>\n<\/li>\n<li class=\"cat-item cat-item-270 cat-parent\"><a href=\"https:\/\/www.sublloo.com\/sl\/categoria-produto\/cartoes-duplos\/\">Cart\u00f5es Duplos<\/a><ul class='children'>\n<li class=\"cat-item cat-item-271\"><a href=\"https:\/\/www.sublloo.com\/sl\/categoria-produto\/cartoes-duplos\/cartao-duplo-laminacao-fosca\/\">CART\u00c3O DUPLO - LAMINA\u00c7\u00c3O FOSCA<\/a><\/li>\n<li class=\"cat-item cat-item-272\"><a href=\"https:\/\/www.sublloo.com\/sl\/categoria-produto\/cartoes-duplos\/cartao-duplo-laminacao-fosca-verniz-localizado\/\">CART\u00c3O DUPLO - LAMINA\u00c7\u00c3O FOSCA + VERNIZ LOCALIZADO<\/a><\/li>\n<li class=\"cat-item cat-item-273\"><a href=\"https:\/\/www.sublloo.com\/sl\/categoria-produto\/cartoes-duplos\/cartao-duplo-verniz-total-frente\/\">CART\u00c3O DUPLO - VERNIZ TOTAL FRENTE<\/a><\/li>\n<\/ul>\n<\/li>\n<li class=\"cat-item cat-item-274 cat-parent\"><a href=\"https:\/\/www.sublloo.com\/sl\/categoria-produto\/cartoes-postais\/\">Cart\u00f5es Postais<\/a><ul class='children'>\n<li class=\"cat-item cat-item-275\"><a href=\"https:\/\/www.sublloo.com\/sl\/categoria-produto\/cartoes-postais\/postais-laminacao-fosca-verniz-localizado\/\">POSTAIS - LAMINA\u00c7\u00c3O FOSCA + VERNIZ LOCALIZADO<\/a><\/li>\n<li class=\"cat-item cat-item-276\"><a href=\"https:\/\/www.sublloo.com\/sl\/categoria-produto\/cartoes-postais\/postais-verniz-total-frente\/\">POSTAIS - VERNIZ TOTAL FRENTE<\/a><\/li>\n<\/ul>\n<\/li>\n<li class=\"cat-item cat-item-277 cat-parent\"><a href=\"https:\/\/www.sublloo.com\/sl\/categoria-produto\/comunicacao-visual\/\">Comunica\u00e7\u00e3o Visual<\/a><ul class='children'>\n<li class=\"cat-item cat-item-278\"><a href=\"https:\/\/www.sublloo.com\/sl\/categoria-produto\/comunicacao-visual\/adesivos\/\">ADESIVOS<\/a><\/li>\n<li class=\"cat-item cat-item-279\"><a href=\"https:\/\/www.sublloo.com\/sl\/categoria-produto\/comunicacao-visual\/banner-fotografico\/\">BANNER FOTOGR\u00c1FICO<\/a><\/li>\n<li class=\"cat-item cat-item-280\"><a href=\"https:\/\/www.sublloo.com\/sl\/categoria-produto\/comunicacao-visual\/banner-promocional\/\">BANNER PROMOCIONAL<\/a><\/li>\n<li class=\"cat-item cat-item-281\"><a href=\"https:\/\/www.sublloo.com\/sl\/categoria-produto\/comunicacao-visual\/faixa-tubete-lateral\/\">FAIXA TUBETE LATERAL<\/a><\/li>\n<li class=\"cat-item cat-item-282\"><a href=\"https:\/\/www.sublloo.com\/sl\/categoria-produto\/comunicacao-visual\/lonas-letreiro\/\">LONAS (LETREIRO)<\/a><\/li>\n<li class=\"cat-item cat-item-283\"><a href=\"https:\/\/www.sublloo.com\/sl\/categoria-produto\/comunicacao-visual\/papel-fotografico\/\">PAPEL FOTOGR\u00c1FICO<\/a><\/li>\n<li class=\"cat-item cat-item-284\"><a href=\"https:\/\/www.sublloo.com\/sl\/categoria-produto\/comunicacao-visual\/tecido-dohler\/\">TECIDO DOHLER<\/a><\/li>\n<li class=\"cat-item cat-item-285\"><a href=\"https:\/\/www.sublloo.com\/sl\/categoria-produto\/comunicacao-visual\/tecido-flag\/\">TECIDO FLAG<\/a><\/li>\n<\/ul>\n<\/li>\n<li class=\"cat-item cat-item-286 cat-parent\"><a href=\"https:\/\/www.sublloo.com\/sl\/categoria-produto\/cracha-de-identificacao\/\">Crach\u00e1 de Identifica\u00e7\u00e3o<\/a><ul class='children'>\n<li class=\"cat-item cat-item-287\"><a href=\"https:\/\/www.sublloo.com\/sl\/categoria-produto\/cracha-de-identificacao\/cracha-95x15cm\/\">CRACH\u00c1 9,5X15CM<\/a><\/li>\n<\/ul>\n<\/li>\n<li class=\"cat-item cat-item-201\"><a href=\"https:\/\/www.sublloo.com\/sl\/categoria-produto\/desktop-pcs-laptops\/\">Desktop PCs &amp; Laptops<\/a><\/li>\n<li class=\"cat-item cat-item-288 cat-parent\"><a href=\"https:\/\/www.sublloo.com\/sl\/categoria-produto\/encartes\/\">Encartes<\/a><ul class='children'>\n<li class=\"cat-item cat-item-289\"><a href=\"https:\/\/www.sublloo.com\/sl\/categoria-produto\/encartes\/encarte-couche-semi-brilho\/\">ENCARTE - COUCH\u00ca SEMI-BRILHO<\/a><\/li>\n<\/ul>\n<\/li>\n<li class=\"cat-item cat-item-290 cat-parent\"><a href=\"https:\/\/www.sublloo.com\/sl\/categoria-produto\/envelope\/\">Envelope<\/a><ul class='children'>\n<li class=\"cat-item cat-item-291\"><a href=\"https:\/\/www.sublloo.com\/sl\/categoria-produto\/envelope\/envelope-18x24cm\/\">ENVELOPE - 18X24CM<\/a><\/li>\n<li class=\"cat-item cat-item-292\"><a href=\"https:\/\/www.sublloo.com\/sl\/categoria-produto\/envelope\/envelope-24x34cm\/\">ENVELOPE - 24X34CM<\/a><\/li>\n<\/ul>\n<\/li>\n<li class=\"cat-item cat-item-293 cat-parent\"><a href=\"https:\/\/www.sublloo.com\/sl\/categoria-produto\/folhetos-flyers\/\">Folhetos | Flyers<\/a><ul class='children'>\n<li class=\"cat-item cat-item-294\"><a href=\"https:\/\/www.sublloo.com\/sl\/categoria-produto\/folhetos-flyers\/folhetos-couche-115g-m%c2%b2\/\">FOLHETOS - COUCH\u00ca 115G\/M\u00b2<\/a><\/li>\n<li class=\"cat-item cat-item-295\"><a href=\"https:\/\/www.sublloo.com\/sl\/categoria-produto\/folhetos-flyers\/folhetos-couche-150g-m%c2%b2\/\">FOLHETOS - COUCH\u00ca 150G\/M\u00b2<\/a><\/li>\n<li class=\"cat-item cat-item-296\"><a href=\"https:\/\/www.sublloo.com\/sl\/categoria-produto\/folhetos-flyers\/folhetos-couche-80g-m%c2%b2\/\">FOLHETOS - COUCH\u00ca 80G\/M\u00b2<\/a><\/li>\n<li class=\"cat-item cat-item-297\"><a href=\"https:\/\/www.sublloo.com\/sl\/categoria-produto\/folhetos-flyers\/folhetos-couche-90g-m%c2%b2\/\">FOLHETOS - COUCH\u00ca 90G\/M\u00b2<\/a><\/li>\n<\/ul>\n<\/li>\n<li class=\"cat-item cat-item-657 cat-parent\"><a href=\"https:\/\/www.sublloo.com\/sl\/categoria-produto\/folhetos-personalizaveis\/\">Folhetos Personaliz\u00e1veis<\/a><ul class='children'>\n<li class=\"cat-item cat-item-658\"><a href=\"https:\/\/www.sublloo.com\/sl\/categoria-produto\/folhetos-personalizaveis\/lanchonetes-delivery\/\">Lanchonetes Delivery<\/a><\/li>\n<\/ul>\n<\/li>\n<li class=\"cat-item cat-item-298 cat-parent\"><a href=\"https:\/\/www.sublloo.com\/sl\/categoria-produto\/forro-de-bandeja\/\">Forro de Bandeja<\/a><ul class='children'>\n<li class=\"cat-item cat-item-299\"><a href=\"https:\/\/www.sublloo.com\/sl\/categoria-produto\/forro-de-bandeja\/forro-de-bandeja-offset-90g-m%c2%b2\/\">FORRO DE BANDEJA - OFFSET 90G\/M\u00b2<\/a><\/li>\n<\/ul>\n<\/li>\n<li class=\"cat-item cat-item-239 cat-parent\"><a href=\"https:\/\/www.sublloo.com\/sl\/categoria-produto\/fotografias-e-posters\/\">Fotografias &amp; Posters<\/a><ul class='children'>\n<li class=\"cat-item cat-item-714\"><a href=\"https:\/\/www.sublloo.com\/sl\/categoria-produto\/fotografias-e-posters\/10x15\/\">10x15<\/a><\/li>\n<\/ul>\n<\/li>\n<li class=\"cat-item cat-item-710\"><a href=\"https:\/\/www.sublloo.com\/sl\/categoria-produto\/mwb_wgm_giftcard\/\">Gift Card<\/a><\/li>\n<li class=\"cat-item cat-item-300 cat-parent\"><a href=\"https:\/\/www.sublloo.com\/sl\/categoria-produto\/imas-de-geladeira-mini-cartoes\/\">Im\u00e3s de Geladeira | Mini Cart\u00f5es<\/a><ul class='children'>\n<li class=\"cat-item cat-item-301\"><a href=\"https:\/\/www.sublloo.com\/sl\/categoria-produto\/imas-de-geladeira-mini-cartoes\/imas-triplex-250g-m%c2%b2\/\">IM\u00c3S - TRIPLEX 250G\/M\u00b2<\/a><\/li>\n<\/ul>\n<\/li>\n<li class=\"cat-item cat-item-670\"><a href=\"https:\/\/www.sublloo.com\/sl\/categoria-produto\/lancamento\/\">Lan\u00e7amento<\/a><\/li>\n<li class=\"cat-item cat-item-688 cat-parent\"><a href=\"https:\/\/www.sublloo.com\/sl\/categoria-produto\/leilao\/\">Leil\u00e3o<\/a><ul class='children'>\n<li class=\"cat-item cat-item-689\"><a href=\"https:\/\/www.sublloo.com\/sl\/categoria-produto\/leilao\/sacolinha\/\">Sacolinha<\/a><\/li>\n<\/ul>\n<\/li>\n<li class=\"cat-item cat-item-302 cat-parent\"><a href=\"https:\/\/www.sublloo.com\/sl\/categoria-produto\/marcadores-de-paginas\/\">Marcadores de P\u00e1ginas<\/a><ul class='children'>\n<li class=\"cat-item cat-item-303\"><a href=\"https:\/\/www.sublloo.com\/sl\/categoria-produto\/marcadores-de-paginas\/marcadores-de-pagina-triplex-250g-m%c2%b2\/\">MARCADORES DE PAGINA - TRIPLEX 250G\/M\u00b2<\/a><\/li>\n<\/ul>\n<\/li>\n<li class=\"cat-item cat-item-86\"><a href=\"https:\/\/www.sublloo.com\/sl\/categoria-produto\/mdf-feltro-juta\/\">MDF | Feltro | Juta<\/a><\/li>\n<li class=\"cat-item cat-item-304 cat-parent\"><a href=\"https:\/\/www.sublloo.com\/sl\/categoria-produto\/mini-folhetos\/\">Mini folhetos<\/a><ul class='children'>\n<li class=\"cat-item cat-item-305\"><a href=\"https:\/\/www.sublloo.com\/sl\/categoria-produto\/mini-folhetos\/mini-folheto-couche-115g-m%c2%b2\/\">MINI FOLHETO COUCH\u00ca 115G\/M\u00b2<\/a><\/li>\n<li class=\"cat-item cat-item-306\"><a href=\"https:\/\/www.sublloo.com\/sl\/categoria-produto\/mini-folhetos\/mini-folheto-couche-150g-m%c2%b2\/\">MINI FOLHETO COUCH\u00ca 150G\/M\u00b2<\/a><\/li>\n<li class=\"cat-item cat-item-307\"><a href=\"https:\/\/www.sublloo.com\/sl\/categoria-produto\/mini-folhetos\/mini-folheto-couche-80g-m%c2%b2\/\">MINI FOLHETO COUCH\u00ca 80G\/M\u00b2<\/a><\/li>\n<li class=\"cat-item cat-item-308\"><a href=\"https:\/\/www.sublloo.com\/sl\/categoria-produto\/mini-folhetos\/mini-folheto-couche-90g-m%c2%b2\/\">MINI FOLHETO COUCH\u00ca 90G\/M\u00b2<\/a><\/li>\n<\/ul>\n<\/li>\n<li class=\"cat-item cat-item-309 cat-parent\"><a href=\"https:\/\/www.sublloo.com\/sl\/categoria-produto\/nao-perturbe\/\">N\u00e3o Perturbe<\/a><ul class='children'>\n<li class=\"cat-item cat-item-310\"><a href=\"https:\/\/www.sublloo.com\/sl\/categoria-produto\/nao-perturbe\/nao-perturbe-triplex-250g-m%c2%b2\/\">N\u00c3O PERTURBE - TRIPLEX 250G\/M\u00b2<\/a><\/li>\n<\/ul>\n<\/li>\n<li class=\"cat-item cat-item-96\"><a href=\"https:\/\/www.sublloo.com\/sl\/categoria-produto\/painel-para-festas\/\">Painel para Festas<\/a><\/li>\n<li class=\"cat-item cat-item-147 cat-parent\"><a href=\"https:\/\/www.sublloo.com\/sl\/categoria-produto\/papeis-e-embalagens\/\">Papeis &amp; Embalagens<\/a><ul class='children'>\n<li class=\"cat-item cat-item-183\"><a href=\"https:\/\/www.sublloo.com\/sl\/categoria-produto\/papeis-e-embalagens\/accessories-smart-phones-tablets\/\">Accessories<\/a><\/li>\n<li class=\"cat-item cat-item-593\"><a href=\"https:\/\/www.sublloo.com\/sl\/categoria-produto\/papeis-e-embalagens\/cola-de-isopor\/\">Cola de Isopor<\/a><\/li>\n<li class=\"cat-item cat-item-602\"><a href=\"https:\/\/www.sublloo.com\/sl\/categoria-produto\/papeis-e-embalagens\/envelope-de-seguranca\/\">Envelope de Seguran\u00e7a<\/a><\/li>\n<li class=\"cat-item cat-item-592\"><a href=\"https:\/\/www.sublloo.com\/sl\/categoria-produto\/papeis-e-embalagens\/fita-adesiva-larga\/\">Fita Adesiva Larga<\/a><\/li>\n<li class=\"cat-item cat-item-323\"><a href=\"https:\/\/www.sublloo.com\/sl\/categoria-produto\/papeis-e-embalagens\/kraft\/\">Kraft<\/a><\/li>\n<li class=\"cat-item cat-item-576\"><a href=\"https:\/\/www.sublloo.com\/sl\/categoria-produto\/papeis-e-embalagens\/papel-fotografico-papeis-e-embalagens\/\">Papel Fotogr\u00e1fico<\/a><\/li>\n<li class=\"cat-item cat-item-599\"><a href=\"https:\/\/www.sublloo.com\/sl\/categoria-produto\/papeis-e-embalagens\/perfurador-de-papel\/\">Perfurador de Papel<\/a><\/li>\n<\/ul>\n<\/li>\n<li class=\"cat-item cat-item-311 cat-parent\"><a href=\"https:\/\/www.sublloo.com\/sl\/categoria-produto\/pastas\/\">Pastas<\/a><ul class='children'>\n<li class=\"cat-item cat-item-312\"><a href=\"https:\/\/www.sublloo.com\/sl\/categoria-produto\/pastas\/pastas-triplex-250g-m%c2%b2\/\">PASTAS - TRIPLEX 250G\/M\u00b2<\/a><\/li>\n<\/ul>\n<\/li>\n<li class=\"cat-item cat-item-313 cat-parent\"><a href=\"https:\/\/www.sublloo.com\/sl\/categoria-produto\/pequenas-tiragens\/\">Pequenas Tiragens<\/a><ul class='children'>\n<li class=\"cat-item cat-item-314\"><a href=\"https:\/\/www.sublloo.com\/sl\/categoria-produto\/pequenas-tiragens\/adesivo-a3-com-meio-corte-31x45cm\/\">ADESIVO A3 COM MEIO CORTE - 31X45CM<\/a><\/li>\n<li class=\"cat-item cat-item-317 cat-parent\"><a href=\"https:\/\/www.sublloo.com\/sl\/categoria-produto\/pequenas-tiragens\/adesivo-papel-a3-31x45cm\/\">Adesivo Papel A3 - 31x45cm<\/a>\t<ul class='children'>\n<li class=\"cat-item cat-item-319\"><a href=\"https:\/\/www.sublloo.com\/sl\/categoria-produto\/pequenas-tiragens\/adesivo-papel-a3-31x45cm\/com-verniz\/\">Com Verniz<\/a><\/li>\n<li class=\"cat-item cat-item-320\"><a href=\"https:\/\/www.sublloo.com\/sl\/categoria-produto\/pequenas-tiragens\/adesivo-papel-a3-31x45cm\/sem-verniz\/\">Sem Verniz<\/a><\/li>\n\t<\/ul>\n<\/li>\n<li class=\"cat-item cat-item-315\"><a href=\"https:\/\/www.sublloo.com\/sl\/categoria-produto\/pequenas-tiragens\/adesivo-vinil-a3-31x45cm\/\">ADESIVO VINIL A3 - 31X45CM<\/a><\/li>\n<li class=\"cat-item cat-item-316\"><a href=\"https:\/\/www.sublloo.com\/sl\/categoria-produto\/pequenas-tiragens\/cartao-reciclato-240g-m%c2%b2\/\">CART\u00c3O RECICLATO 240G\/M\u00b2<\/a><\/li>\n<li class=\"cat-item cat-item-318 cat-parent\"><a href=\"https:\/\/www.sublloo.com\/sl\/categoria-produto\/pequenas-tiragens\/cartaz-a3-31x45cm\/\">Cartaz A3 - 31x45cm<\/a>\t<ul class='children'>\n<li class=\"cat-item cat-item-321\"><a href=\"https:\/\/www.sublloo.com\/sl\/categoria-produto\/pequenas-tiragens\/cartaz-a3-31x45cm\/couche-com-verniz\/\">Couch\u00ea com Verniz<\/a><\/li>\n<li class=\"cat-item cat-item-322\"><a href=\"https:\/\/www.sublloo.com\/sl\/categoria-produto\/pequenas-tiragens\/cartaz-a3-31x45cm\/couche-sem-verniz\/\">Couch\u00ea sem Verniz<\/a><\/li>\n\t<\/ul>\n<\/li>\n<li class=\"cat-item cat-item-324\"><a href=\"https:\/\/www.sublloo.com\/sl\/categoria-produto\/pequenas-tiragens\/display-de-mesa-triplex-250g-m%c2%b2\/\">DISPLAY DE MESA - TRIPLEX 250G\/M\u00b2<\/a><\/li>\n<\/ul>\n<\/li>\n<li class=\"cat-item cat-item-325 cat-parent\"><a href=\"https:\/\/www.sublloo.com\/sl\/categoria-produto\/porta-copos\/\">Porta Copos<\/a><ul class='children'>\n<li class=\"cat-item cat-item-326\"><a href=\"https:\/\/www.sublloo.com\/sl\/categoria-produto\/porta-copos\/porta-copos-laminacao-fosca-verniz-localizado\/\">PORTA COPOS - LAMINA\u00c7\u00c3O FOSCA + VERNIZ LOCALIZADO<\/a><\/li>\n<li class=\"cat-item cat-item-327\"><a href=\"https:\/\/www.sublloo.com\/sl\/categoria-produto\/porta-copos\/porta-copos-verniz-total-frente\/\">PORTA COPOS - VERNIZ TOTAL FRENTE<\/a><\/li>\n<\/ul>\n<\/li>\n<li class=\"cat-item cat-item-72\"><a href=\"https:\/\/www.sublloo.com\/sl\/categoria-produto\/sem-categoria\/\">Sem categoria<\/a><\/li>\n<li class=\"cat-item cat-item-232 cat-parent\"><a href=\"https:\/\/www.sublloo.com\/sl\/categoria-produto\/servicos-graficos\/\">Servi\u00e7os Gr\u00e1ficos<\/a><ul class='children'>\n<li class=\"cat-item cat-item-234 cat-parent\"><a href=\"https:\/\/www.sublloo.com\/sl\/categoria-produto\/servicos-graficos\/bloco-receituario\/\">Bloco Receitu\u00e1rio<\/a>\t<ul class='children'>\n<li class=\"cat-item cat-item-473\"><a href=\"https:\/\/www.sublloo.com\/sl\/categoria-produto\/servicos-graficos\/bloco-receituario\/receituario-offset-90g-m%c2%b2\/\">RECEITU\u00c1RIO OFFSET 90gm\u00b2<\/a><\/li>\n\t<\/ul>\n<\/li>\n<li class=\"cat-item cat-item-248 cat-parent\"><a href=\"https:\/\/www.sublloo.com\/sl\/categoria-produto\/servicos-graficos\/calendarios\/\">Calend\u00e1rios<\/a>\t<ul class='children'>\n<li class=\"cat-item cat-item-249\"><a href=\"https:\/\/www.sublloo.com\/sl\/categoria-produto\/servicos-graficos\/calendarios\/calendarios-triplex-250g-m%c2%b2\/\">CALEND\u00c1RIOS - TRIPLEX 250G\/M\u00b2<\/a><\/li>\n\t<\/ul>\n<\/li>\n<li class=\"cat-item cat-item-250 cat-parent\"><a href=\"https:\/\/www.sublloo.com\/sl\/categoria-produto\/servicos-graficos\/capa-de-carne\/\">Capa de Carn\u00ea<\/a>\t<ul class='children'>\n<li class=\"cat-item cat-item-251\"><a href=\"https:\/\/www.sublloo.com\/sl\/categoria-produto\/servicos-graficos\/capa-de-carne\/capa-de-carne-triplex-250g-m%c2%b2\/\">CAPA DE CARN\u00ca - TRIPLEX 250G\/M\u00b2<\/a><\/li>\n\t<\/ul>\n<\/li>\n<li class=\"cat-item cat-item-254 cat-parent\"><a href=\"https:\/\/www.sublloo.com\/sl\/categoria-produto\/servicos-graficos\/cards-corte-especial\/\">Cards Corte Especial<\/a>\t<ul class='children'>\n<li class=\"cat-item cat-item-255\"><a href=\"https:\/\/www.sublloo.com\/sl\/categoria-produto\/servicos-graficos\/cards-corte-especial\/cards-verniz-localizado-laminacao-fosca\/\">CARDS - VERNIZ LOCALIZADO + LAMINA\u00c7\u00c3O FOSCA<\/a><\/li>\n<li class=\"cat-item cat-item-256\"><a href=\"https:\/\/www.sublloo.com\/sl\/categoria-produto\/servicos-graficos\/cards-corte-especial\/cards-verniz-total-frente\/\">CARDS - VERNIZ TOTAL FRENTE<\/a><\/li>\n\t<\/ul>\n<\/li>\n<li class=\"cat-item cat-item-266 cat-parent\"><a href=\"https:\/\/www.sublloo.com\/sl\/categoria-produto\/servicos-graficos\/cartoes-de-visita\/\">Cart\u00f5es de Visita<\/a>\t<ul class='children'>\n<li class=\"cat-item cat-item-267\"><a href=\"https:\/\/www.sublloo.com\/sl\/categoria-produto\/servicos-graficos\/cartoes-de-visita\/cartoes-de-visita-laminacao-fosca\/\">CART\u00d5ES DE VISITA - LAMINA\u00c7\u00c3O FOSCA<\/a><\/li>\n<li class=\"cat-item cat-item-268\"><a href=\"https:\/\/www.sublloo.com\/sl\/categoria-produto\/servicos-graficos\/cartoes-de-visita\/cartoes-de-visita-laminacao-fosca-verniz-localizado\/\">CART\u00d5ES DE VISITA - LAMINA\u00c7\u00c3O FOSCA + VERNIZ LOCALIZADO<\/a><\/li>\n<li class=\"cat-item cat-item-269\"><a href=\"https:\/\/www.sublloo.com\/sl\/categoria-produto\/servicos-graficos\/cartoes-de-visita\/cartoes-de-visita-verniz-total-frente\/\">CART\u00d5ES DE VISITA - VERNIZ TOTAL FRENTE<\/a><\/li>\n\t<\/ul>\n<\/li>\n<li class=\"cat-item cat-item-713\"><a href=\"https:\/\/www.sublloo.com\/sl\/categoria-produto\/servicos-graficos\/lonas\/\">Lonas<\/a><\/li>\n<li class=\"cat-item cat-item-680\"><a href=\"https:\/\/www.sublloo.com\/sl\/categoria-produto\/servicos-graficos\/lonas-letreiros\/\">Lonas (letreiros)<\/a><\/li>\n<\/ul>\n<\/li>\n<li class=\"cat-item cat-item-607 cat-parent\"><a href=\"https:\/\/www.sublloo.com\/sl\/categoria-produto\/servicos-graficos-personalizados\/\">Servi\u00e7os Gr\u00e1ficos Personalizados<\/a><ul class='children'>\n<li class=\"cat-item cat-item-608\"><a href=\"https:\/\/www.sublloo.com\/sl\/categoria-produto\/servicos-graficos-personalizados\/poster-adesivo-vinilico\/\">Poster Adesivo Vin\u00edlico<\/a><\/li>\n<\/ul>\n<\/li>\n<li class=\"cat-item cat-item-328 cat-parent\"><a href=\"https:\/\/www.sublloo.com\/sl\/categoria-produto\/tags-de-roupas\/\">Tags de Roupas<\/a><ul class='children'>\n<li class=\"cat-item cat-item-329\"><a href=\"https:\/\/www.sublloo.com\/sl\/categoria-produto\/tags-de-roupas\/tags-laminacao-fosca-verniz-localizado\/\">TAGS - LAMINA\u00c7\u00c3O FOSCA + VERNIZ LOCALIZADO<\/a><\/li>\n<li class=\"cat-item cat-item-330\"><a href=\"https:\/\/www.sublloo.com\/sl\/categoria-produto\/tags-de-roupas\/tags-verniz-total-frente\/\">TAGS - VERNIZ TOTAL FRENTE<\/a><\/li>\n<\/ul>\n<\/li>\n<li class=\"cat-item cat-item-331 cat-parent\"><a href=\"https:\/\/www.sublloo.com\/sl\/categoria-produto\/timbrados\/\">Timbrados<\/a><ul class='children'>\n<li class=\"cat-item cat-item-332\"><a href=\"https:\/\/www.sublloo.com\/sl\/categoria-produto\/timbrados\/timbrado-offset-90g-m%c2%b2\/\">TIMBRADO OFFSET 90G\/M\u00b2<\/a><\/li>\n<\/ul>\n<\/li>\n<li class=\"cat-item cat-item-166\"><a href=\"https:\/\/www.sublloo.com\/sl\/categoria-produto\/uncategorized\/\">Uncategorized<\/a><\/li>\n<li class=\"cat-item cat-item-664\"><a href=\"https:\/\/www.sublloo.com\/sl\/categoria-produto\/ventarola\/\">Ventarola<\/a><\/li>\n<li class=\"cat-item cat-item-333 cat-parent\"><a href=\"https:\/\/www.sublloo.com\/sl\/categoria-produto\/ventarolas-abanadores\/\">Ventarolas | Abanadores<\/a><ul class='children'>\n<li class=\"cat-item cat-item-334\"><a href=\"https:\/\/www.sublloo.com\/sl\/categoria-produto\/ventarolas-abanadores\/ventarola-triplex-250g-m%c2%b2\/\">VENTAROLA - TRIPLEX 250G\/M\u00b2<\/a><\/li>\n<\/ul>\n<\/li>\n<\/ul><\/div>\t\t<\/div>\n\t\t\n","protected":false},"excerpt":{"rendered":"Categorias de produtoAccessories Accessories Accessories Anivers\u00e1rio &amp; Festas Lembrancinha Infantil Jogo de Tabuleiro Sacolinhas Sacolinha Horizontal Capa de DVD CAPA DE CD-DVD TRIPLEX 250G\/M\u00b2 Cart\u00e3o de Visita Personaliz\u00e1vel Lanchonetes Delivery","protected":false},"author":1,"featured_media":0,"parent":0,"menu_order":0,"comment_status":"closed","ping_status":"closed","template":"","meta":{"footnotes":""},"class_list":["post-2844","page","type-page","status-publish","hentry"],"_links":{"self":[{"href":"https:\/\/www.sublloo.com\/sl\/wp-json\/wp\/v2\/pages\/2844","targetHints":{"allow":["GET"]}}],"collection":[{"href":"https:\/\/www.sublloo.com\/sl\/wp-json\/wp\/v2\/pages"}],"about":[{"href":"https:\/\/www.sublloo.com\/sl\/wp-json\/wp\/v2\/types\/page"}],"author":[{"embeddable":true,"href":"https:\/\/www.sublloo.com\/sl\/wp-json\/wp\/v2\/users\/1"}],"replies":[{"embeddable":true,"href":"https:\/\/www.sublloo.com\/sl\/wp-json\/wp\/v2\/comments?post=2844"}],"version-history":[{"count":0,"href":"https:\/\/www.sublloo.com\/sl\/wp-json\/wp\/v2\/pages\/2844\/revisions"}],"wp:attachment":[{"href":"https:\/\/www.sublloo.com\/sl\/wp-json\/wp\/v2\/media?parent=2844"}],"curies":[{"name":"wp","href":"https:\/\/api.w.org\/{rel}","templated":true}]}}