{"id":6023,"date":"2021-03-12T22:19:08","date_gmt":"2021-03-13T01:19:08","guid":{"rendered":"https:\/\/www.sublloo.com\/sl\/?post_type=product&#038;p=6023"},"modified":"2021-05-21T18:35:39","modified_gmt":"2021-05-21T21:35:39","slug":"jogo-de-tabuleiro-circo","status":"publish","type":"product","link":"https:\/\/www.sublloo.com\/sl\/produtos\/jogo-de-tabuleiro-circo\/","title":{"rendered":"Jogo de Tabuleiro Circo"},"content":{"rendered":"<p><img loading=\"lazy\" decoding=\"async\" class=\"alignnone wp-image-5503\" src=\"https:\/\/www.sublloo.com\/sl\/wp-content\/uploads\/2021\/01\/sublloo-footer-e1612820953649.png\" alt=\"\" width=\"204\" height=\"49\" \/><\/p>\n<p><span style=\"font-size: 10pt;\"><strong>JOGO DE TABULEIRO PERSONALIZADO &#8211; CIRCO<\/strong><\/span><\/p>\n<p>*Jogo de Tabuleiro com o TEMA, NOME e a IDADE DA CRIAN\u00c7A<br \/>\n*Papel Premium<br \/>\n*Dimens\u00f5es: altura 21 cm, largura 29 cm<br \/>\n*Papel Brilhoso de alta defini\u00e7\u00e3o gr\u00e1fica.<br \/>\n*Resistente a respingos<br \/>\n<span style=\"color: #686c6f; font-family: Inter, 'Open Sans', HelveticaNeue-Light, 'Helvetica Neue Light', 'Helvetica Neue', Helvetica, Arial, 'Lucida Grande', sans-serif; font-size: 14px; letter-spacing: -0.14px;\">**Selecione Dado e Pinos de *Papel Premium para recortar e montar ou *Pl\u00e1stico.<\/span><br style=\"color: #686c6f; font-family: Inter, 'Open Sans', HelveticaNeue-Light, 'Helvetica Neue Light', 'Helvetica Neue', Helvetica, Arial, 'Lucida Grande', sans-serif; font-size: 14px; letter-spacing: -0.14px;\" \/><span style=\"color: #686c6f; font-family: Inter, 'Open Sans', HelveticaNeue-Light, 'Helvetica Neue Light', 'Helvetica Neue', Helvetica, Arial, 'Lucida Grande', sans-serif; font-size: 14px; letter-spacing: -0.14px;\">****************************************************<\/span><img loading=\"lazy\" decoding=\"async\" class=\"alignnone wp-image-5848\" style=\"border: 0px; vertical-align: middle; color: #686c6f; font-family: Inter, 'Open Sans', HelveticaNeue-Light, 'Helvetica Neue Light', 'Helvetica Neue', Helvetica, Arial, 'Lucida Grande', sans-serif; font-size: 14px; letter-spacing: -0.14px;\" src=\"https:\/\/www.sublloo.com\/sl\/wp-content\/uploads\/2016\/03\/antecipem.jpg\" alt=\"\" width=\"268\" height=\"33\" srcset=\"https:\/\/www.sublloo.com\/sl\/wp-content\/uploads\/2016\/03\/antecipem.jpg 1423w, https:\/\/www.sublloo.com\/sl\/wp-content\/uploads\/2016\/03\/antecipem-300x37.jpg 300w, https:\/\/www.sublloo.com\/sl\/wp-content\/uploads\/2016\/03\/antecipem-1024x127.jpg 1024w, https:\/\/www.sublloo.com\/sl\/wp-content\/uploads\/2016\/03\/antecipem-768x95.jpg 768w, https:\/\/www.sublloo.com\/sl\/wp-content\/uploads\/2016\/03\/antecipem-600x74.jpg 600w, https:\/\/www.sublloo.com\/sl\/wp-content\/uploads\/2016\/03\/antecipem-60x7.jpg 60w\" sizes=\"auto, (max-width: 268px) 100vw, 268px\" \/><span style=\"color: #686c6f; font-family: Inter, 'Open Sans', HelveticaNeue-Light, 'Helvetica Neue Light', 'Helvetica Neue', Helvetica, Arial, 'Lucida Grande', sans-serif; font-size: 14px; letter-spacing: -0.14px;\">****************************************************<\/span><br \/>\nProcesso de Confec\u00e7\u00e3o:<br \/>\nOs Layouts s\u00e3o confeccionadas em at\u00e9 03\/5 dias \u00fateis ap\u00f3s o envio dos dados (dizeres, fotos, etc).<br \/>\nO envio do material se d\u00e1 em at\u00e9 5\/7 dias \u00fateis ap\u00f3s a aprova\u00e7\u00e3o da arte final e confirma\u00e7\u00e3o do pagamento.<\/p>\n<p>Altura: 21.00 cm<br \/>\nLargura: 29.00 cm<\/p>\n<hr \/>\n<p><span style=\"color: #a10303;\"><em>S\u00fcblloo\u00ae &#8211; Antiga\u00a0 Picotar Festas Kids\u00a0 e\u00a0 Thunder Dog\u00a0 Personalizados<\/em><\/span><\/p>\n","protected":false},"excerpt":{"rendered":"<ul>\n<li><span class=\"a-list-item\">Papel resistente<\/span><\/li>\n<li><span class=\"a-list-item\">Alta defini\u00e7\u00e3o gr\u00e1fica<\/span><\/li>\n<li><span class=\"a-list-item\">Dado e Pinos em Papel para Montar<\/span><\/li>\n<li><span style=\"color: #ff6600;\"><em><strong><span style=\"font-size: 10pt; font-family: arial, helvetica, sans-serif;\"><span style=\"color: #000000;\">Atacado: Quantidade M\u00ednima: 18 Unidades<\/span><span style=\"color: #000000;\">.<\/span><\/span><span style=\"font-size: 10pt; color: #000000;\">\u00a0\u00a0<\/span><\/strong><\/em><\/span><\/li>\n<\/ul>\n","protected":false},"featured_media":6033,"comment_status":"open","ping_status":"closed","template":"","meta":[],"product_brand":[],"product_cat":[85,374,337],"product_tag":[347,340,349,348,350,351,352,353,343,247,341,342,339],"class_list":{"0":"post-6023","1":"product","2":"type-product","3":"status-publish","4":"has-post-thumbnail","6":"product_cat-aniversario-festas","7":"product_cat-jogo-de-tabuleiro","8":"product_cat-lembrancinha-infantil","9":"product_tag-branca-de-neve-cute","10":"product_tag-brinde","11":"product_tag-carros","12":"product_tag-carros-disney","13":"product_tag-chaves","14":"product_tag-chiquititas","15":"product_tag-cinderela","16":"product_tag-circo","17":"product_tag-jogo","18":"product_tag-jogo-de-tabuleiro","19":"product_tag-lembrancinha","20":"product_tag-patrulha-canina","21":"product_tag-personalizados","22":"product_shipping_class-personalizados","24":"first","25":"onbackorder","26":"sale","27":"featured","28":"shipping-taxable","29":"purchasable","30":"product-type-variable"},"_links":{"self":[{"href":"https:\/\/www.sublloo.com\/sl\/wp-json\/wp\/v2\/product\/6023","targetHints":{"allow":["GET"]}}],"collection":[{"href":"https:\/\/www.sublloo.com\/sl\/wp-json\/wp\/v2\/product"}],"about":[{"href":"https:\/\/www.sublloo.com\/sl\/wp-json\/wp\/v2\/types\/product"}],"replies":[{"embeddable":true,"href":"https:\/\/www.sublloo.com\/sl\/wp-json\/wp\/v2\/comments?post=6023"}],"wp:featuredmedia":[{"embeddable":true,"href":"https:\/\/www.sublloo.com\/sl\/wp-json\/wp\/v2\/media\/6033"}],"wp:attachment":[{"href":"https:\/\/www.sublloo.com\/sl\/wp-json\/wp\/v2\/media?parent=6023"}],"wp:term":[{"taxonomy":"product_brand","embeddable":true,"href":"https:\/\/www.sublloo.com\/sl\/wp-json\/wp\/v2\/product_brand?post=6023"},{"taxonomy":"product_cat","embeddable":true,"href":"https:\/\/www.sublloo.com\/sl\/wp-json\/wp\/v2\/product_cat?post=6023"},{"taxonomy":"product_tag","embeddable":true,"href":"https:\/\/www.sublloo.com\/sl\/wp-json\/wp\/v2\/product_tag?post=6023"}],"curies":[{"name":"wp","href":"https:\/\/api.w.org\/{rel}","templated":true}]}}