{"id":7044,"date":"2021-04-02T11:36:29","date_gmt":"2021-04-02T14:36:29","guid":{"rendered":"https:\/\/www.sublloo.com\/sl\/?post_type=product&#038;p=7044"},"modified":"2021-04-02T12:52:50","modified_gmt":"2021-04-02T15:52:50","slug":"calendario-de-bolso-65x95cm-4-4","status":"publish","type":"product","link":"https:\/\/www.sublloo.com\/sl\/produtos\/calendario-de-bolso-65x95cm-4-4\/","title":{"rendered":"Calend\u00e1rio de Bolso &#8211; 6,5&#215;9,5cm &#8211; 4\/4"},"content":{"rendered":"<p><strong><span style=\"font-size: 14pt;\">Calend\u00e1rio de Bolso &#8211; 6,5&#215;9,5cm &#8211; 4\/4<\/span><\/strong><\/p>\n<p>Cart\u00e3o 250g\/m\u00b2 &#8211; Verniz Total Frente &#8211; Cantos Arredondados &#8211; Produ\u00e7\u00e3o de at\u00e9 10 dias uteis.<\/p>\n<p>&nbsp;<\/p>\n<p><span style=\"color: #3366ff;\"><strong>FECHAMENTO DE ARQUIVOS &#8211; COREL DRAW | ILLUSTRATOR<\/strong><\/span><\/p>\n<p><img loading=\"lazy\" decoding=\"async\" class=\"alignnone wp-image-7028\" src=\"https:\/\/www.sublloo.com\/sl\/wp-content\/uploads\/2021\/03\/Sangria-scaled.jpg\" alt=\"\" width=\"515\" height=\"241\" srcset=\"https:\/\/www.sublloo.com\/sl\/wp-content\/uploads\/2021\/03\/Sangria-scaled.jpg 2560w, https:\/\/www.sublloo.com\/sl\/wp-content\/uploads\/2021\/03\/Sangria-300x140.jpg 300w, https:\/\/www.sublloo.com\/sl\/wp-content\/uploads\/2021\/03\/Sangria-1024x479.jpg 1024w, https:\/\/www.sublloo.com\/sl\/wp-content\/uploads\/2021\/03\/Sangria-768x359.jpg 768w, https:\/\/www.sublloo.com\/sl\/wp-content\/uploads\/2021\/03\/Sangria-1536x718.jpg 1536w, https:\/\/www.sublloo.com\/sl\/wp-content\/uploads\/2021\/03\/Sangria-2048x957.jpg 2048w, https:\/\/www.sublloo.com\/sl\/wp-content\/uploads\/2021\/03\/Sangria-600x280.jpg 600w, https:\/\/www.sublloo.com\/sl\/wp-content\/uploads\/2021\/03\/Sangria-60x28.jpg 60w\" sizes=\"auto, (max-width: 515px) 100vw, 515px\" \/><\/p>\n<p>&nbsp;<\/p>\n<p><span style=\"color: #808080; font-size: 14pt;\"><a style=\"color: #808080;\" href=\"https:\/\/www.sublloo.com\/sl\/como-fechar-o-arquivo-e-enviar-para-a-producao\" target=\"_blank\" rel=\"noopener\"><strong>CLIQUE AQUI<\/strong><\/a>\u00a0<\/span> e saiba como fechar o arquivo e enviar para a produ\u00e7\u00e3o.<\/p>\n<p>Clicando <span style=\"font-size: 14pt; color: #ff9900;\"><a style=\"color: #ff9900;\" href=\"https:\/\/www.sublloo.com\/sl\/fechamento-de-arquivo-saida-pdf\/\" target=\"_blank\" rel=\"noopener\"><strong><span style=\"color: #808080;\">AQUI!<\/span><\/strong><\/a><\/span>\u00a0 voc\u00ea saber\u00e1 como fechar o arquivo em pdf.<\/p>\n<p>&nbsp;<\/p>\n","protected":false},"excerpt":{"rendered":"<p>GABARITO &#8211; Clique para baixar!<\/p>\n<p><a href=\"https:\/\/www.sublloo.com\/sl\/download\/calendario-de-bolso-95x65mm\/?wpdmdl=7050&amp;masterkey=60673b5256d7c\"><img loading=\"lazy\" decoding=\"async\" class=\"\" src=\"https:\/\/www.sublloo.com\/sl\/wp-content\/uploads\/2016\/03\/clique-aqui-download-arquivo.png\" width=\"220\" height=\"93\" \/><\/a><\/p>\n","protected":false},"featured_media":7049,"comment_status":"open","ping_status":"closed","template":"","meta":[],"product_brand":[],"product_cat":[248,249,232],"product_tag":[449,451,450],"class_list":{"0":"post-7044","1":"product","2":"type-product","3":"status-publish","4":"has-post-thumbnail","6":"product_cat-calendarios","7":"product_cat-calendarios-triplex-250g-m","8":"product_cat-servicos-graficos","9":"product_tag-calendario-de-bolso","10":"product_tag-servicos-graficos","11":"product_tag-triplex-250g","12":"product_shipping_class-servicos-graficos","14":"first","15":"onbackorder","16":"sale","17":"shipping-taxable","18":"purchasable","19":"product-type-variable"},"_links":{"self":[{"href":"https:\/\/www.sublloo.com\/sl\/wp-json\/wp\/v2\/product\/7044","targetHints":{"allow":["GET"]}}],"collection":[{"href":"https:\/\/www.sublloo.com\/sl\/wp-json\/wp\/v2\/product"}],"about":[{"href":"https:\/\/www.sublloo.com\/sl\/wp-json\/wp\/v2\/types\/product"}],"replies":[{"embeddable":true,"href":"https:\/\/www.sublloo.com\/sl\/wp-json\/wp\/v2\/comments?post=7044"}],"wp:featuredmedia":[{"embeddable":true,"href":"https:\/\/www.sublloo.com\/sl\/wp-json\/wp\/v2\/media\/7049"}],"wp:attachment":[{"href":"https:\/\/www.sublloo.com\/sl\/wp-json\/wp\/v2\/media?parent=7044"}],"wp:term":[{"taxonomy":"product_brand","embeddable":true,"href":"https:\/\/www.sublloo.com\/sl\/wp-json\/wp\/v2\/product_brand?post=7044"},{"taxonomy":"product_cat","embeddable":true,"href":"https:\/\/www.sublloo.com\/sl\/wp-json\/wp\/v2\/product_cat?post=7044"},{"taxonomy":"product_tag","embeddable":true,"href":"https:\/\/www.sublloo.com\/sl\/wp-json\/wp\/v2\/product_tag?post=7044"}],"curies":[{"name":"wp","href":"https:\/\/api.w.org\/{rel}","templated":true}]}}