{"id":7065,"date":"2021-04-02T17:22:55","date_gmt":"2021-04-02T20:22:55","guid":{"rendered":"https:\/\/www.sublloo.com\/sl\/?post_type=product&#038;p=7065"},"modified":"2021-07-11T21:43:53","modified_gmt":"2021-07-12T00:43:53","slug":"calendario-de-parede-triplex-250g-m%c2%b2-23x30cm-4-0","status":"publish","type":"product","link":"https:\/\/www.sublloo.com\/sl\/produtos\/calendario-de-parede-triplex-250g-m%c2%b2-23x30cm-4-0\/","title":{"rendered":"Calend\u00e1rio de Parede &#8211; Triplex 250g\/m\u00b2 &#8211;  23x30cm &#8211; 4\/0"},"content":{"rendered":"<div class=\"product-rate clearfix\">\n<p><strong><span style=\"font-size: 14pt;\">Calend\u00e1rio de Parede &#8211; triplex 250g\/m\u00b2 &#8211;\u00a0 23x30cm &#8211; 4\/0<\/span><\/strong><\/p>\n<\/div>\n<p>Verniz Brilho Total Frente &#8211; Furo Simples &#8211; Produ\u00e7\u00e3o de at\u00e9 10 dias uteis.<\/p>\n<p>&nbsp;<\/p>\n<p><span style=\"color: #3366ff;\"><strong>FECHAMENTO DE ARQUIVOS &#8211; COREL DRAW | ILLUSTRATOR<\/strong><\/span><\/p>\n<p><img loading=\"lazy\" decoding=\"async\" class=\"alignnone wp-image-7028\" src=\"https:\/\/www.sublloo.com\/sl\/wp-content\/uploads\/2021\/03\/Sangria-scaled.jpg\" alt=\"\" width=\"515\" height=\"241\" srcset=\"https:\/\/www.sublloo.com\/sl\/wp-content\/uploads\/2021\/03\/Sangria-scaled.jpg 2560w, https:\/\/www.sublloo.com\/sl\/wp-content\/uploads\/2021\/03\/Sangria-300x140.jpg 300w, https:\/\/www.sublloo.com\/sl\/wp-content\/uploads\/2021\/03\/Sangria-1024x479.jpg 1024w, https:\/\/www.sublloo.com\/sl\/wp-content\/uploads\/2021\/03\/Sangria-768x359.jpg 768w, https:\/\/www.sublloo.com\/sl\/wp-content\/uploads\/2021\/03\/Sangria-1536x718.jpg 1536w, https:\/\/www.sublloo.com\/sl\/wp-content\/uploads\/2021\/03\/Sangria-2048x957.jpg 2048w, https:\/\/www.sublloo.com\/sl\/wp-content\/uploads\/2021\/03\/Sangria-600x280.jpg 600w, https:\/\/www.sublloo.com\/sl\/wp-content\/uploads\/2021\/03\/Sangria-60x28.jpg 60w\" sizes=\"auto, (max-width: 515px) 100vw, 515px\" \/><\/p>\n<p>&nbsp;<\/p>\n<p><span style=\"color: #808080; font-size: 12pt;\"><a style=\"color: #808080;\" href=\"https:\/\/www.sublloo.com\/sl\/como-fechar-o-arquivo-e-enviar-para-a-producao\" target=\"_blank\" rel=\"noopener\"><strong>CLIQUE AQUI<\/strong><\/a>\u00a0<\/span> e saiba como fechar o arquivo e enviar para a produ\u00e7\u00e3o.<\/p>\n<p>Clicando <span style=\"font-size: 12pt;\"><span style=\"color: #ff9900;\"><a style=\"color: #ff9900;\" href=\"https:\/\/www.sublloo.com\/sl\/fechamento-de-arquivo-saida-pdf\/\" target=\"_blank\" rel=\"noopener\"><strong><span style=\"color: #808080;\">AQUI!<\/span><\/strong><\/a><\/span>\u00a0<\/span> voc\u00ea saber\u00e1 como fechar o arquivo em pdf.<\/p>\n<p>&nbsp;<\/p>\n","protected":false},"excerpt":{"rendered":"<p><strong>\u00a0 \u00a0 \u00a0 \u00a0BAIXAR O GABARITO<\/strong><\/p>\n<p><a href=\"https:\/\/www.sublloo.com\/sl\/download\/calendario-de-parede-triplex-250g-m%c2%b2-23x30cm-4-0\/?wpdmdl=7070&amp;masterkey=60678404da590\"><img loading=\"lazy\" decoding=\"async\" class=\"\" src=\"https:\/\/www.sublloo.com\/sl\/wp-content\/uploads\/2016\/03\/clique-aqui-download-arquivo.png\" width=\"220\" height=\"93\" \/><\/a><\/p>\n","protected":false},"featured_media":7502,"comment_status":"open","ping_status":"closed","template":"","meta":[],"product_brand":[],"product_cat":[248,249,232],"product_tag":[449,456,451,450],"class_list":{"0":"post-7065","1":"product","2":"type-product","3":"status-publish","4":"has-post-thumbnail","6":"product_cat-calendarios","7":"product_cat-calendarios-triplex-250g-m","8":"product_cat-servicos-graficos","9":"product_tag-calendario-de-bolso","10":"product_tag-calendario-de-parede","11":"product_tag-servicos-graficos","12":"product_tag-triplex-250g","13":"product_shipping_class-servicos-graficos","15":"first","16":"onbackorder","17":"sale","18":"shipping-taxable","19":"purchasable","20":"product-type-variable"},"_links":{"self":[{"href":"https:\/\/www.sublloo.com\/sl\/wp-json\/wp\/v2\/product\/7065","targetHints":{"allow":["GET"]}}],"collection":[{"href":"https:\/\/www.sublloo.com\/sl\/wp-json\/wp\/v2\/product"}],"about":[{"href":"https:\/\/www.sublloo.com\/sl\/wp-json\/wp\/v2\/types\/product"}],"replies":[{"embeddable":true,"href":"https:\/\/www.sublloo.com\/sl\/wp-json\/wp\/v2\/comments?post=7065"}],"wp:featuredmedia":[{"embeddable":true,"href":"https:\/\/www.sublloo.com\/sl\/wp-json\/wp\/v2\/media\/7502"}],"wp:attachment":[{"href":"https:\/\/www.sublloo.com\/sl\/wp-json\/wp\/v2\/media?parent=7065"}],"wp:term":[{"taxonomy":"product_brand","embeddable":true,"href":"https:\/\/www.sublloo.com\/sl\/wp-json\/wp\/v2\/product_brand?post=7065"},{"taxonomy":"product_cat","embeddable":true,"href":"https:\/\/www.sublloo.com\/sl\/wp-json\/wp\/v2\/product_cat?post=7065"},{"taxonomy":"product_tag","embeddable":true,"href":"https:\/\/www.sublloo.com\/sl\/wp-json\/wp\/v2\/product_tag?post=7065"}],"curies":[{"name":"wp","href":"https:\/\/api.w.org\/{rel}","templated":true}]}}