{"id":7262,"date":"2021-04-21T11:08:47","date_gmt":"2021-04-21T14:08:47","guid":{"rendered":"https:\/\/www.sublloo.com\/sl\/?post_type=product&#038;p=7262"},"modified":"2021-05-11T20:07:38","modified_gmt":"2021-05-11T23:07:38","slug":"capa-de-carne-triplex-250gm%c2%b2-10x36cm-4-0","status":"publish","type":"product","link":"https:\/\/www.sublloo.com\/sl\/produtos\/capa-de-carne-triplex-250gm%c2%b2-10x36cm-4-0\/","title":{"rendered":"Capa de Carn\u00ea &#8211; triplex 250gm\u00b2 &#8211; 10x36cm &#8211; 4\/0"},"content":{"rendered":"<div class=\"product-rate clearfix\">\n<div class=\"col-md-4\">\n<div class=\"product-rate clearfix well\">\n<p><strong>Capa de Carn\u00ea &#8211; triplex 250gm\u00b2 &#8211; 10x36cm &#8211; 4\/0<\/strong><\/p>\n<p>Verniz Brilho Total Frente | Vinco ao Meio<\/p>\n<\/div>\n<\/div>\n<\/div>\n<p><i>As capas de Carn\u00ea tem 2 finalidades: Proteger o bloco de credi\u00e1rio e divulgar a marca da empresa que vai para a casa dos clientes e estar\u00e3o sempre a vista deles.<\/i><\/p>\n<p>Produ\u00e7\u00e3o de at\u00e9 10 dias uteis.<\/p>\n<p><span style=\"color: #3366ff;\"><strong>FECHAMENTO DE ARQUIVOS &#8211; COREL DRAW | ILLUSTRATOR<\/strong><\/span><\/p>\n<p><img loading=\"lazy\" decoding=\"async\" class=\"\" src=\"https:\/\/grafica.design\/forum\/wp-content\/uploads\/sites\/61\/2015\/06\/margensSangria.jpg\" alt=\"Sangria e Margens - F\u00f3rum | Gr\u00e1fica.Design | N\u00e3o \u00c9 S\u00f3 Ensinar, \u00c9 transformar Profissionais Gr\u00e1ficos | Estamos Onde Voc\u00ea Estiver\" width=\"585\" height=\"378\" \/><\/p>\n<p>&nbsp;<\/p>\n<p><span style=\"color: #808080; font-size: 12pt;\"><a style=\"color: #808080;\" href=\"https:\/\/www.sublloo.com\/sl\/como-fechar-o-arquivo-e-enviar-para-a-producao\" target=\"_blank\" rel=\"noopener\"><strong>CLIQUE AQUI<\/strong><\/a>\u00a0<\/span> e saiba como fechar o arquivo e enviar para a produ\u00e7\u00e3o.<\/p>\n<p>Clicando <span style=\"font-size: 12pt;\"><span style=\"color: #ff9900;\"><a style=\"color: #ff9900;\" href=\"https:\/\/www.sublloo.com\/sl\/fechamento-de-arquivo-saida-pdf\/\" target=\"_blank\" rel=\"noopener\"><strong><span style=\"color: #808080;\">AQUI!<\/span><\/strong><\/a><\/span>\u00a0<\/span> voc\u00ea saber\u00e1 como fechar o arquivo em pdf.<\/p>\n<p>&nbsp;<\/p>\n","protected":false},"excerpt":{"rendered":"<p><strong>\u00a0 \u00a0 \u00a0 \u00a0BAIXAR O GABARITO<\/strong><\/p>\n<p><a href=\"https:\/\/www.sublloo.com\/sl\/download\/capa-de-carne-triplex-250gm%c2%b2-10x36cm-40\/?wpdmdl=7114&amp;masterkey=6070a0ec72bad\"><img loading=\"lazy\" decoding=\"async\" class=\"\" src=\"https:\/\/www.sublloo.com\/sl\/wp-content\/uploads\/2016\/03\/clique-aqui-download-arquivo.png\" width=\"220\" height=\"93\" \/><\/a><\/p>\n","protected":false},"featured_media":7504,"comment_status":"open","ping_status":"closed","template":"","meta":[],"product_brand":[],"product_cat":[250,251,232],"product_tag":[529,528,530,451,450],"class_list":{"0":"post-7262","1":"product","2":"type-product","3":"status-publish","4":"has-post-thumbnail","6":"product_cat-capa-de-carne","7":"product_cat-capa-de-carne-triplex-250g-m","8":"product_cat-servicos-graficos","9":"product_tag-capa","10":"product_tag-capa-de-carne","11":"product_tag-carne","12":"product_tag-servicos-graficos","13":"product_tag-triplex-250g","14":"product_shipping_class-servicos-graficos","16":"first","17":"onbackorder","18":"sale","19":"featured","20":"shipping-taxable","21":"purchasable","22":"product-type-variable"},"_links":{"self":[{"href":"https:\/\/www.sublloo.com\/sl\/wp-json\/wp\/v2\/product\/7262","targetHints":{"allow":["GET"]}}],"collection":[{"href":"https:\/\/www.sublloo.com\/sl\/wp-json\/wp\/v2\/product"}],"about":[{"href":"https:\/\/www.sublloo.com\/sl\/wp-json\/wp\/v2\/types\/product"}],"replies":[{"embeddable":true,"href":"https:\/\/www.sublloo.com\/sl\/wp-json\/wp\/v2\/comments?post=7262"}],"wp:featuredmedia":[{"embeddable":true,"href":"https:\/\/www.sublloo.com\/sl\/wp-json\/wp\/v2\/media\/7504"}],"wp:attachment":[{"href":"https:\/\/www.sublloo.com\/sl\/wp-json\/wp\/v2\/media?parent=7262"}],"wp:term":[{"taxonomy":"product_brand","embeddable":true,"href":"https:\/\/www.sublloo.com\/sl\/wp-json\/wp\/v2\/product_brand?post=7262"},{"taxonomy":"product_cat","embeddable":true,"href":"https:\/\/www.sublloo.com\/sl\/wp-json\/wp\/v2\/product_cat?post=7262"},{"taxonomy":"product_tag","embeddable":true,"href":"https:\/\/www.sublloo.com\/sl\/wp-json\/wp\/v2\/product_tag?post=7262"}],"curies":[{"name":"wp","href":"https:\/\/api.w.org\/{rel}","templated":true}]}}