{"id":7297,"date":"2021-04-21T15:02:39","date_gmt":"2021-04-21T18:02:39","guid":{"rendered":"https:\/\/www.sublloo.com\/sl\/?post_type=product&#038;p=7297"},"modified":"2021-04-21T16:52:32","modified_gmt":"2021-04-21T19:52:32","slug":"capa-de-cd-dvd-triplex-250g-m%c2%b2-12x12cm-4-0","status":"publish","type":"product","link":"https:\/\/www.sublloo.com\/sl\/produtos\/capa-de-cd-dvd-triplex-250g-m%c2%b2-12x12cm-4-0\/","title":{"rendered":"Capa de CD\/DVD &#8211; triplex 250g\/m\u00b2 &#8211; 12x12cm &#8211; 4\/0"},"content":{"rendered":"<p><strong>Capa de CD\/DVD &#8211; triplex 250g\/m\u00b2 &#8211; 12x12cm &#8211; 4\/0<\/strong><\/p>\n<p><i>Verniz Brilho Total Frente | Vinco ao Meio | Colagem<\/i><\/p>\n<p><i>As Capas de\u00a0 CD\/DVD personalizadas \u00e9 o material gr\u00e1fico perfeito para armazenar m\u00eddias de CD, protegendo-as de arranh\u00f5es, facilitando o transporte e ainda fazendo a divulga\u00e7\u00e3o de marcas, artistas e grupos musicais. Aproveite todo o espa\u00e7o e coloque as informa\u00e7\u00f5es necess\u00e1rias para chamar a aten\u00e7\u00e3o do p\u00fablico em uma arte gr\u00e1fica criativa e exclusiva!<\/i><\/p>\n<p>Produ\u00e7\u00e3o de at\u00e9 10 dias uteis.<\/p>\n<p><span style=\"color: #3366ff;\"><strong>FECHAMENTO DE ARQUIVOS &#8211; COREL DRAW | ILLUSTRATOR<\/strong><\/span><\/p>\n<p><img loading=\"lazy\" decoding=\"async\" class=\"\" src=\"https:\/\/grafica.design\/forum\/wp-content\/uploads\/sites\/61\/2015\/06\/margensSangria.jpg\" alt=\"Sangria e Margens - F\u00f3rum | Gr\u00e1fica.Design | N\u00e3o \u00c9 S\u00f3 Ensinar, \u00c9 transformar Profissionais Gr\u00e1ficos | Estamos Onde Voc\u00ea Estiver\" width=\"585\" height=\"378\" \/><\/p>\n<p>&nbsp;<\/p>\n<p><span style=\"color: #808080; font-size: 12pt;\"><a style=\"color: #808080;\" href=\"https:\/\/www.sublloo.com\/sl\/como-fechar-o-arquivo-e-enviar-para-a-producao\" target=\"_blank\" rel=\"noopener\"><strong>CLIQUE AQUI<\/strong><\/a>\u00a0<\/span> e saiba como fechar o arquivo e enviar para a produ\u00e7\u00e3o.<\/p>\n<p>Clicando <span style=\"font-size: 12pt;\"><span style=\"color: #ff9900;\"><a style=\"color: #ff9900;\" href=\"https:\/\/www.sublloo.com\/sl\/fechamento-de-arquivo-saida-pdf\/\" target=\"_blank\" rel=\"noopener\"><strong><span style=\"color: #808080;\">AQUI!<\/span><\/strong><\/a><\/span>\u00a0<\/span> voc\u00ea saber\u00e1 como fechar o arquivo em pdf.<\/p>\n<p>&nbsp;<\/p>\n","protected":false},"excerpt":{"rendered":"<p><strong>\u00a0 \u00a0 \u00a0 \u00a0BAIXAR O GABARITO<\/strong><\/p>\n<p><a href=\"https:\/\/www.sublloo.com\/sl\/download\/capa-de-cd-dvd-triplex-250gm%c2%b2-12x12cm-4-0\/?wpdmdl=7133&amp;masterkey=6072462ce23c3\"><img loading=\"lazy\" decoding=\"async\" class=\"\" src=\"https:\/\/www.sublloo.com\/sl\/wp-content\/uploads\/2016\/03\/clique-aqui-download-arquivo.png\" width=\"220\" height=\"93\" \/><\/a><\/p>\n","protected":false},"featured_media":7301,"comment_status":"open","ping_status":"closed","template":"","meta":[],"product_brand":[],"product_cat":[253,252,232],"product_tag":[529,528,534,530,451,450,532,533],"class_list":{"0":"post-7297","1":"product","2":"type-product","3":"status-publish","4":"has-post-thumbnail","6":"product_cat-capa-de-cd-dvd-triplex-250g-m","7":"product_cat-capa-de-dvd","8":"product_cat-servicos-graficos","9":"product_tag-capa","10":"product_tag-capa-de-carne","11":"product_tag-capa-de-carne-vazada","12":"product_tag-carne","13":"product_tag-servicos-graficos","14":"product_tag-triplex-250g","15":"product_tag-verniz-brilho-total-frente","16":"product_tag-vinco-ao-meio","17":"product_shipping_class-servicos-graficos","19":"first","20":"onbackorder","21":"sale","22":"featured","23":"shipping-taxable","24":"purchasable","25":"product-type-variable"},"_links":{"self":[{"href":"https:\/\/www.sublloo.com\/sl\/wp-json\/wp\/v2\/product\/7297","targetHints":{"allow":["GET"]}}],"collection":[{"href":"https:\/\/www.sublloo.com\/sl\/wp-json\/wp\/v2\/product"}],"about":[{"href":"https:\/\/www.sublloo.com\/sl\/wp-json\/wp\/v2\/types\/product"}],"replies":[{"embeddable":true,"href":"https:\/\/www.sublloo.com\/sl\/wp-json\/wp\/v2\/comments?post=7297"}],"wp:featuredmedia":[{"embeddable":true,"href":"https:\/\/www.sublloo.com\/sl\/wp-json\/wp\/v2\/media\/7301"}],"wp:attachment":[{"href":"https:\/\/www.sublloo.com\/sl\/wp-json\/wp\/v2\/media?parent=7297"}],"wp:term":[{"taxonomy":"product_brand","embeddable":true,"href":"https:\/\/www.sublloo.com\/sl\/wp-json\/wp\/v2\/product_brand?post=7297"},{"taxonomy":"product_cat","embeddable":true,"href":"https:\/\/www.sublloo.com\/sl\/wp-json\/wp\/v2\/product_cat?post=7297"},{"taxonomy":"product_tag","embeddable":true,"href":"https:\/\/www.sublloo.com\/sl\/wp-json\/wp\/v2\/product_tag?post=7297"}],"curies":[{"name":"wp","href":"https:\/\/api.w.org\/{rel}","templated":true}]}}