{"id":7425,"date":"2021-04-23T21:59:35","date_gmt":"2021-04-24T00:59:35","guid":{"rendered":"https:\/\/www.sublloo.com\/sl\/?post_type=product&#038;p=7425"},"modified":"2021-04-23T22:09:57","modified_gmt":"2021-04-24T01:09:57","slug":"card-corte-especial-triplex-250g-m%c2%b2-6x6cm-4-4-faca-ns3026","status":"publish","type":"product","link":"https:\/\/www.sublloo.com\/sl\/produtos\/card-corte-especial-triplex-250g-m%c2%b2-6x6cm-4-4-faca-ns3026\/","title":{"rendered":"Card Corte Especial &#8211; triplex 250g\/m\u00b2 &#8211; 6x6cm &#8211; 4\/4 &#8211; Faca NS3026"},"content":{"rendered":"<p><strong>Card Corte Especial &#8211; triplex 250g\/m\u00b2 &#8211; 6x6cm &#8211; 4\/4 &#8211; Faca NS3026<\/strong><\/p>\n<p><i>Verniz Brilho Total Frente | Faca Especial<\/i><\/p>\n<p><i>Os cards da Sublloo s\u00e3o cart\u00f5es com corte especial em diversos formatos que visam proporcionar um produto exclusivo e com baixo custo aos seus clientes.<\/i><\/p>\n<p>Produ\u00e7\u00e3o de at\u00e9 10 dias uteis.<\/p>\n<p><span style=\"color: #3366ff;\"><strong>FECHAMENTO DE ARQUIVOS &#8211; COREL DRAW | ILLUSTRATOR<\/strong><\/span><\/p>\n<p><img loading=\"lazy\" decoding=\"async\" class=\"\" src=\"https:\/\/grafica.design\/forum\/wp-content\/uploads\/sites\/61\/2015\/06\/margensSangria.jpg\" alt=\"Sangria e Margens - F\u00f3rum | Gr\u00e1fica.Design | N\u00e3o \u00c9 S\u00f3 Ensinar, \u00c9 transformar Profissionais Gr\u00e1ficos | Estamos Onde Voc\u00ea Estiver\" width=\"585\" height=\"378\" \/><\/p>\n<p>&nbsp;<\/p>\n<p><span style=\"color: #808080; font-size: 12pt;\"><a style=\"color: #808080;\" href=\"https:\/\/www.sublloo.com\/sl\/como-fechar-o-arquivo-e-enviar-para-a-producao\" target=\"_blank\" rel=\"noopener\"><strong>CLIQUE AQUI<\/strong><\/a>\u00a0<\/span> e saiba como fechar o arquivo e enviar para a produ\u00e7\u00e3o.<\/p>\n<p>Clicando <span style=\"font-size: 12pt;\"><span style=\"color: #ff9900;\"><a style=\"color: #ff9900;\" href=\"https:\/\/www.sublloo.com\/sl\/fechamento-de-arquivo-saida-pdf\/\" target=\"_blank\" rel=\"noopener\"><strong><span style=\"color: #808080;\">AQUI!<\/span><\/strong><\/a><\/span>\u00a0<\/span> voc\u00ea saber\u00e1 como fechar o arquivo em pdf.<\/p>\n<p>&nbsp;<\/p>\n","protected":false},"excerpt":{"rendered":"<p><strong>\u00a0 \u00a0 \u00a0 \u00a0BAIXAR O GABARITO<\/strong><\/p>\n<p><a href=\"https:\/\/www.sublloo.com\/sl\/download\/card-corte-especial-triplex-250gm%c2%b2-6x6cm\/?wpdmdl=7160&amp;masterkey=60748e8b1d294\"><img loading=\"lazy\" decoding=\"async\" class=\"\" src=\"https:\/\/www.sublloo.com\/sl\/wp-content\/uploads\/2016\/03\/clique-aqui-download-arquivo.png\" width=\"220\" height=\"93\" \/><\/a><\/p>\n","protected":false},"featured_media":7428,"comment_status":"open","ping_status":"closed","template":"","meta":[],"product_brand":[],"product_cat":[256,254,232],"product_tag":[547,531,535,451,540,532],"class_list":{"0":"post-7425","1":"product","2":"type-product","3":"status-publish","4":"has-post-thumbnail","6":"product_cat-cards-verniz-total-frente","7":"product_cat-cards-corte-especial","8":"product_cat-servicos-graficos","9":"product_tag-faca-3026","10":"product_tag-faca-especial","11":"product_tag-laminacao-fosca","12":"product_tag-servicos-graficos","13":"product_tag-triplex250g","14":"product_tag-verniz-brilho-total-frente","15":"product_shipping_class-servicos-graficos","17":"first","18":"onbackorder","19":"sale","20":"featured","21":"shipping-taxable","22":"purchasable","23":"product-type-variable"},"_links":{"self":[{"href":"https:\/\/www.sublloo.com\/sl\/wp-json\/wp\/v2\/product\/7425","targetHints":{"allow":["GET"]}}],"collection":[{"href":"https:\/\/www.sublloo.com\/sl\/wp-json\/wp\/v2\/product"}],"about":[{"href":"https:\/\/www.sublloo.com\/sl\/wp-json\/wp\/v2\/types\/product"}],"replies":[{"embeddable":true,"href":"https:\/\/www.sublloo.com\/sl\/wp-json\/wp\/v2\/comments?post=7425"}],"wp:featuredmedia":[{"embeddable":true,"href":"https:\/\/www.sublloo.com\/sl\/wp-json\/wp\/v2\/media\/7428"}],"wp:attachment":[{"href":"https:\/\/www.sublloo.com\/sl\/wp-json\/wp\/v2\/media?parent=7425"}],"wp:term":[{"taxonomy":"product_brand","embeddable":true,"href":"https:\/\/www.sublloo.com\/sl\/wp-json\/wp\/v2\/product_brand?post=7425"},{"taxonomy":"product_cat","embeddable":true,"href":"https:\/\/www.sublloo.com\/sl\/wp-json\/wp\/v2\/product_cat?post=7425"},{"taxonomy":"product_tag","embeddable":true,"href":"https:\/\/www.sublloo.com\/sl\/wp-json\/wp\/v2\/product_tag?post=7425"}],"curies":[{"name":"wp","href":"https:\/\/api.w.org\/{rel}","templated":true}]}}