{"id":7812,"date":"2021-05-28T12:28:13","date_gmt":"2021-05-28T15:28:13","guid":{"rendered":"https:\/\/www.sublloo.com\/sl\/?post_type=product&#038;p=7812"},"modified":"2021-05-31T00:41:26","modified_gmt":"2021-05-31T03:41:26","slug":"cartao-de-visita-9x5cm-4-0-2-cantos-arredondados-superior-esquerdo-inferior-direito","status":"publish","type":"product","link":"https:\/\/www.sublloo.com\/sl\/produtos\/cartao-de-visita-9x5cm-4-0-2-cantos-arredondados-superior-esquerdo-inferior-direito\/","title":{"rendered":"Cart\u00e3o de Visita &#8211; 9x5cm &#8211; 4\/0 (2 cantos arredondados &#8211; Superior esquerdo\/Inferior direito)"},"content":{"rendered":"<p><strong>Cart\u00e3o de Visita &#8211; 9x5cm &#8211; 4\/0 (2 cantos arredondados &#8211; Superior esquerdo\/Inferior direito)<\/strong><\/p>\n<p>Cart\u00e3o triplex 250g\/m\u00b2 &#8211; Verniz Total Frente &#8211; Produ\u00e7\u00e3o de 2 dias \u00fateis<\/p>\n<p><span style=\"color: #3366ff;\"><strong>FECHAMENTO DE ARQUIVOS &#8211; COREL DRAW | ILLUSTRATOR<\/strong><\/span><\/p>\n<p><img loading=\"lazy\" decoding=\"async\" class=\"\" src=\"https:\/\/grafica.design\/forum\/wp-content\/uploads\/sites\/61\/2015\/06\/margensSangria.jpg\" alt=\"Sangria e Margens - F\u00f3rum | Gr\u00e1fica.Design | N\u00e3o \u00c9 S\u00f3 Ensinar, \u00c9 transformar Profissionais Gr\u00e1ficos | Estamos Onde Voc\u00ea Estiver\" width=\"585\" height=\"378\" \/><\/p>\n<p>&nbsp;<\/p>\n<p><span style=\"color: #808080; font-size: 12pt;\"><a style=\"color: #808080;\" href=\"https:\/\/www.sublloo.com\/sl\/como-fechar-o-arquivo-e-enviar-para-a-producao\" target=\"_blank\" rel=\"noopener\"><strong>CLIQUE AQUI<\/strong><\/a>\u00a0<\/span> e saiba como fechar o arquivo e enviar para a produ\u00e7\u00e3o.<\/p>\n<p>Clicando <span style=\"font-size: 12pt;\"><span style=\"color: #ff9900;\"><a style=\"color: #ff9900;\" href=\"https:\/\/www.sublloo.com\/sl\/fechamento-de-arquivo-saida-pdf\/\" target=\"_blank\" rel=\"noopener\"><strong><span style=\"color: #808080;\">AQUI!<\/span><\/strong><\/a><\/span>\u00a0<\/span> voc\u00ea saber\u00e1 como fechar o arquivo em pdf.<\/p>\n<p>&nbsp;<\/p>\n<p>* O frete ser\u00e1 em at\u00e9 4\/6 dias ap\u00f3s o recebimento e aprova\u00e7\u00e3o da arte.<\/p>\n","protected":false},"excerpt":{"rendered":"<p><strong>\u00a0 \u00a0 \u00a0 \u00a0BAIXAR O GABARITO<\/strong><\/p>\n<p><a href=\"https:\/\/www.sublloo.com\/sl\/download\/cartao-de-visita-9x5cm-4-4-3\/?wpdmdl=7255&amp;masterkey=607f6e7e37660\"><img loading=\"lazy\" decoding=\"async\" class=\"\" src=\"https:\/\/www.sublloo.com\/sl\/wp-content\/uploads\/2016\/03\/clique-aqui-download-arquivo.png\" width=\"220\" height=\"93\" \/><\/a><\/p>\n","protected":false},"featured_media":7816,"comment_status":"open","ping_status":"closed","template":"","meta":[],"product_brand":[],"product_cat":[266,269,232],"product_tag":[566,564,563,95,562,451,536,572],"class_list":{"0":"post-7812","1":"product","2":"type-product","3":"status-publish","4":"has-post-thumbnail","6":"product_cat-cartoes-de-visita","7":"product_cat-cartoes-de-visita-verniz-total-frente","8":"product_cat-servicos-graficos","9":"product_tag-2-cantos-arredondados","10":"product_tag-4-4","11":"product_tag-5-x-9","12":"product_tag-cartao-de-visita","13":"product_tag-couche-250g-m","14":"product_tag-servicos-graficos","15":"product_tag-verniz-localizado","16":"product_tag-verniz-total-frente","17":"product_shipping_class-servicos-graficos","19":"first","20":"onbackorder","21":"sale","22":"shipping-taxable","23":"purchasable","24":"product-type-variable"},"_links":{"self":[{"href":"https:\/\/www.sublloo.com\/sl\/wp-json\/wp\/v2\/product\/7812","targetHints":{"allow":["GET"]}}],"collection":[{"href":"https:\/\/www.sublloo.com\/sl\/wp-json\/wp\/v2\/product"}],"about":[{"href":"https:\/\/www.sublloo.com\/sl\/wp-json\/wp\/v2\/types\/product"}],"replies":[{"embeddable":true,"href":"https:\/\/www.sublloo.com\/sl\/wp-json\/wp\/v2\/comments?post=7812"}],"wp:featuredmedia":[{"embeddable":true,"href":"https:\/\/www.sublloo.com\/sl\/wp-json\/wp\/v2\/media\/7816"}],"wp:attachment":[{"href":"https:\/\/www.sublloo.com\/sl\/wp-json\/wp\/v2\/media?parent=7812"}],"wp:term":[{"taxonomy":"product_brand","embeddable":true,"href":"https:\/\/www.sublloo.com\/sl\/wp-json\/wp\/v2\/product_brand?post=7812"},{"taxonomy":"product_cat","embeddable":true,"href":"https:\/\/www.sublloo.com\/sl\/wp-json\/wp\/v2\/product_cat?post=7812"},{"taxonomy":"product_tag","embeddable":true,"href":"https:\/\/www.sublloo.com\/sl\/wp-json\/wp\/v2\/product_tag?post=7812"}],"curies":[{"name":"wp","href":"https:\/\/api.w.org\/{rel}","templated":true}]}}