{"id":7919,"date":"2021-05-29T20:14:37","date_gmt":"2021-05-29T23:14:37","guid":{"rendered":"https:\/\/www.sublloo.com\/sl\/?post_type=product&#038;p=7919"},"modified":"2021-05-29T23:08:14","modified_gmt":"2021-05-30T02:08:14","slug":"envelope-de-seguranca-a4-26-x-36-cinza-ecologico-100-unidades","status":"publish","type":"product","link":"https:\/\/www.sublloo.com\/sl\/produtos\/envelope-de-seguranca-a4-26-x-36-cinza-ecologico-100-unidades\/","title":{"rendered":"Envelope de Seguran\u00e7a A4 &#8211; 26 x 36 Cinza &#8211; Ecol\u00f3gico (100 Unidades)"},"content":{"rendered":"<h2 class=\"nome-produto titulo cor-secundaria\"><span style=\"font-size: 12pt;\">Envelope Pl\u00e1stico Express com Lacre de Seguran\u00e7a &#8211;\u00a0 FOLHA A4 &#8211; ECO Cinza 26x36cm\u00a0<\/span><\/h2>\n<p dir=\"ltr\" style=\"text-align: left;\"><img loading=\"lazy\" decoding=\"async\" class=\"wp-image-7922 alignleft\" src=\"https:\/\/www.sublloo.com\/sl\/wp-content\/uploads\/2021\/05\/D_NQ_NP_702048-MLB42557084896_072020-O.jpg\" alt=\"\" width=\"223\" height=\"178\" srcset=\"https:\/\/www.sublloo.com\/sl\/wp-content\/uploads\/2021\/05\/D_NQ_NP_702048-MLB42557084896_072020-O.jpg 500w, https:\/\/www.sublloo.com\/sl\/wp-content\/uploads\/2021\/05\/D_NQ_NP_702048-MLB42557084896_072020-O-300x239.jpg 300w, https:\/\/www.sublloo.com\/sl\/wp-content\/uploads\/2021\/05\/D_NQ_NP_702048-MLB42557084896_072020-O-60x48.jpg 60w\" sizes=\"auto, (max-width: 223px) 100vw, 223px\" \/><strong>Modelo Linha Express<\/strong><\/p>\n<p dir=\"ltr\" style=\"text-align: left;\">Qualidade Coextrusado | Gramatura 12g (Individual) |\u00a0Comprimento 36 cm | Largura 26 cm<\/p>\n<p dir=\"ltr\">Lacre Adesivo Hot Melt (Inviol\u00e1vel) | Marca Sublloo | Cor interna Cinza | Cor externa \u00a0Cinza<\/p>\n<p dir=\"ltr\"><strong>Utiliza\u00e7\u00e3o<\/strong><\/p>\n<p>&#8211; Embalagem para Lojas Virtual | \u00a0Embalagem para E-commerce<\/p>\n<p dir=\"ltr\">&#8211; Correios | \u00a0Mercado Envios | \u00a0Sedex | \u00a0Transportadoras<\/p>\n<p dir=\"ltr\">&#8211; Envio de documentos e notas fiscais<\/p>\n<p dir=\"ltr\">&#8211; Bancos e institui\u00e7\u00f5es financeiras<\/p>\n<p dir=\"ltr\">&#8211; Resultados Laboratoriais<\/p>\n<p dir=\"ltr\">&#8211; Provas e Concursos<\/p>\n<p dir=\"ltr\"><strong>Descri\u00e7\u00e3o<\/strong><\/p>\n<p dir=\"ltr\">A Linha de Envelopes de Seguran\u00e7a Express da Sua Embalagem \u00a0\u00e9 uma \u00f3tima op\u00e7\u00e3o para o envio de seus produtos, perfeito para reduzir os custos de entrega, pois s\u00e3o leves, flex\u00edveis, \u00e0 prova d\u2019\u00e1gua, resistente a rasgos e f\u00e1ceis de usar, atende aos crit\u00e9rios dos Correios, Sedex, Melhor Envio entre outras transportadoras.<\/p>\n<p dir=\"ltr\">O material male\u00e1vel foi desenvolvido para dar maior seguran\u00e7a, confiabilidade e prote\u00e7\u00e3o aos produtos transportados, em alguns casos substituindo com muita propriedade as caixas de papel\u00e3o , e em outros complementando a embalagem protegendo ainda mais as caixas e seu conte\u00fado, pode facilmente adaptar-se a muitos produtos com formatos estranhos e \u00e9 dif\u00edcil de rasgar. Al\u00e9m disso, o material \u00e9 moldado para ser fino,e resistente, de modo que n\u00e3o ocupar\u00e1 muito espa\u00e7o no armazenamento, ao contr\u00e1rio de caixas de embalagem enormes. Ganhe tempo ao embalar, nossas embalagens agiliza sua expedi\u00e7\u00e3o. Economize em fitas adesivas. Eles v\u00eam com adesivo sens\u00edvel \u00e0 press\u00e3o, que sela completamente seus produtos.<\/p>\n<p dir=\"ltr\"><strong>Modo de usar<\/strong><\/p>\n<p dir=\"ltr\">1- Selecione o produto, coloque dentro de seu envelope.<\/p>\n<p dir=\"ltr\">2 &#8211; Retire a fita de seguran\u00e7a,<\/p>\n<p dir=\"ltr\">3 &#8211; Dobre at\u00e9 colar com o outro lado do envelope no local indicado<\/p>\n<p dir=\"ltr\">4 &#8211; J\u00e1 est\u00e1 pronto para seu envio com seguran\u00e7a .<\/p>\n<p>&nbsp;<\/p>\n","protected":false},"excerpt":{"rendered":"<p>Marca: Sublloo<\/p>\n","protected":false},"featured_media":7921,"comment_status":"open","ping_status":"closed","template":"","meta":[],"product_brand":[],"product_cat":[602,147],"product_tag":[578,596,595,591,605,603,601,594,598,587,241,604,597,600,581],"class_list":{"0":"post-7919","1":"product","2":"type-product","3":"status-publish","4":"has-post-thumbnail","6":"product_cat-envelope-de-seguranca","7":"product_cat-papeis-e-embalagens","8":"product_tag-a4","9":"product_tag-cola-eva","10":"product_tag-cola-isopor","11":"product_tag-embalagem","12":"product_tag-envelope-de-seguranca-26-x-36","13":"product_tag-envelope-de-suguranca","14":"product_tag-furo-6mm","15":"product_tag-hero","16":"product_tag-isopor","17":"product_tag-jojo","18":"product_tag-kraft","19":"product_tag-lacre-adesivo-hot-melt","20":"product_tag-papel-sulfite","21":"product_tag-perfurador-de-papel","22":"product_tag-resistente-a-agua","23":"product_shipping_class-produtos","25":"first","26":"instock","27":"sale","28":"shipping-taxable","29":"purchasable","30":"product-type-simple"},"_links":{"self":[{"href":"https:\/\/www.sublloo.com\/sl\/wp-json\/wp\/v2\/product\/7919","targetHints":{"allow":["GET"]}}],"collection":[{"href":"https:\/\/www.sublloo.com\/sl\/wp-json\/wp\/v2\/product"}],"about":[{"href":"https:\/\/www.sublloo.com\/sl\/wp-json\/wp\/v2\/types\/product"}],"replies":[{"embeddable":true,"href":"https:\/\/www.sublloo.com\/sl\/wp-json\/wp\/v2\/comments?post=7919"}],"wp:featuredmedia":[{"embeddable":true,"href":"https:\/\/www.sublloo.com\/sl\/wp-json\/wp\/v2\/media\/7921"}],"wp:attachment":[{"href":"https:\/\/www.sublloo.com\/sl\/wp-json\/wp\/v2\/media?parent=7919"}],"wp:term":[{"taxonomy":"product_brand","embeddable":true,"href":"https:\/\/www.sublloo.com\/sl\/wp-json\/wp\/v2\/product_brand?post=7919"},{"taxonomy":"product_cat","embeddable":true,"href":"https:\/\/www.sublloo.com\/sl\/wp-json\/wp\/v2\/product_cat?post=7919"},{"taxonomy":"product_tag","embeddable":true,"href":"https:\/\/www.sublloo.com\/sl\/wp-json\/wp\/v2\/product_tag?post=7919"}],"curies":[{"name":"wp","href":"https:\/\/api.w.org\/{rel}","templated":true}]}}