{"id":8159,"date":"2021-06-03T22:18:24","date_gmt":"2021-06-04T01:18:24","guid":{"rendered":"https:\/\/www.sublloo.com\/sl\/?post_type=product&#038;p=8159"},"modified":"2021-06-03T22:44:13","modified_gmt":"2021-06-04T01:44:13","slug":"folheto-80g-m%c2%b2-20x14cm-4-4","status":"publish","type":"product","link":"https:\/\/www.sublloo.com\/sl\/produtos\/folheto-80g-m%c2%b2-20x14cm-4-4\/","title":{"rendered":"Folheto 80g\/m\u00b2 &#8211; 20x14cm &#8211; 4\/4"},"content":{"rendered":"<p><strong>Folheto 80g\/m\u00b2 &#8211; 20x14cm &#8211; 4\/4<\/strong><\/p>\n<p><i>Folhetos s\u00e3o materiais gr\u00e1ficos fundamentais em estrat\u00e9gias de\u00a0divulga\u00e7\u00e3o e publicidade\u00a0de empresas de diversos portes e \u00e1reas de atua\u00e7\u00e3o, principalmente devido ao\u00a0baixo custo e amplo alcance\u00a0da mensagem.<\/i><\/p>\n<p><i>Nos folhetos 80g\/m\u00b2 \u00e9 indicado o uso de carrega\u00e7\u00f5es baixas de tinta pois se trata de um papel bem fino e um excesso de tinta pode prejudicar o impresso.<\/i><\/p>\n<p><span style=\"color: #3366ff;\"><strong>FECHAMENTO DE ARQUIVOS &#8211; COREL DRAW | ILLUSTRATOR<\/strong><\/span><\/p>\n<p><img loading=\"lazy\" decoding=\"async\" class=\"\" src=\"https:\/\/grafica.design\/forum\/wp-content\/uploads\/sites\/61\/2015\/06\/margensSangria.jpg\" alt=\"Sangria e Margens - F\u00f3rum | Gr\u00e1fica.Design | N\u00e3o \u00c9 S\u00f3 Ensinar, \u00c9 transformar Profissionais Gr\u00e1ficos | Estamos Onde Voc\u00ea Estiver\" width=\"585\" height=\"378\" \/><\/p>\n<p>&nbsp;<\/p>\n<p><span style=\"color: #808080; font-size: 12pt;\"><a style=\"color: #808080;\" href=\"https:\/\/www.sublloo.com\/sl\/como-fechar-o-arquivo-e-enviar-para-a-producao\" target=\"_blank\" rel=\"noopener\"><strong>CLIQUE AQUI<\/strong><\/a>\u00a0<\/span> e saiba como fechar o arquivo e enviar para a produ\u00e7\u00e3o.<\/p>\n<p>Clicando <span style=\"font-size: 12pt;\"><span style=\"color: #ff9900;\"><a style=\"color: #ff9900;\" href=\"https:\/\/www.sublloo.com\/sl\/fechamento-de-arquivo-saida-pdf\/\" target=\"_blank\" rel=\"noopener\"><strong><span style=\"color: #808080;\">AQUI!<\/span><\/strong><\/a><\/span>\u00a0<\/span> voc\u00ea saber\u00e1 como fechar o arquivo em pdf.<\/p>\n<p>&nbsp;<\/p>\n<p><span style=\"color: #000000;\"><strong>*Clique em Solicitar Or\u00e7amento ou D\u00favida Box informando quantidade e CEP para saber o valor do <span style=\"color: #003366;\">FRETE POR TRANSPOTADORA<\/span>. \u00a0Breve responderemos! <\/strong><\/span><\/p>\n<p>* O frete ser\u00e1 em at\u00e9 6\/10 dias ap\u00f3s o recebimento e aprova\u00e7\u00e3o da arte.<\/p>\n","protected":false},"excerpt":{"rendered":"<p><strong>\u00a0 \u00a0 \u00a0 \u00a0BAIXAR O GABARITO<\/strong><\/p>\n<p><a href=\"https:\/\/www.sublloo.com\/sl?wpdmdl=8170&amp;ind=1622770940044\"><img loading=\"lazy\" decoding=\"async\" class=\"\" src=\"https:\/\/www.sublloo.com\/sl\/wp-content\/uploads\/2016\/03\/clique-aqui-download-arquivo.png\" width=\"220\" height=\"93\" \/><\/a><\/p>\n","protected":false},"featured_media":8163,"comment_status":"open","ping_status":"closed","template":"","meta":[],"product_brand":[],"product_cat":[296,293,232],"product_tag":[562,612,451],"class_list":{"0":"post-8159","1":"product","2":"type-product","3":"status-publish","4":"has-post-thumbnail","6":"product_cat-folhetos-couche-80g-m","7":"product_cat-folhetos-flyers","8":"product_cat-servicos-graficos","9":"product_tag-couche-250g-m","10":"product_tag-folheto-80g-m-20x14cm-4-0","11":"product_tag-servicos-graficos","12":"product_shipping_class-servicos-graficos","14":"first","15":"onbackorder","16":"sale","17":"featured","18":"shipping-taxable","19":"purchasable","20":"product-type-variable"},"_links":{"self":[{"href":"https:\/\/www.sublloo.com\/sl\/wp-json\/wp\/v2\/product\/8159","targetHints":{"allow":["GET"]}}],"collection":[{"href":"https:\/\/www.sublloo.com\/sl\/wp-json\/wp\/v2\/product"}],"about":[{"href":"https:\/\/www.sublloo.com\/sl\/wp-json\/wp\/v2\/types\/product"}],"replies":[{"embeddable":true,"href":"https:\/\/www.sublloo.com\/sl\/wp-json\/wp\/v2\/comments?post=8159"}],"wp:featuredmedia":[{"embeddable":true,"href":"https:\/\/www.sublloo.com\/sl\/wp-json\/wp\/v2\/media\/8163"}],"wp:attachment":[{"href":"https:\/\/www.sublloo.com\/sl\/wp-json\/wp\/v2\/media?parent=8159"}],"wp:term":[{"taxonomy":"product_brand","embeddable":true,"href":"https:\/\/www.sublloo.com\/sl\/wp-json\/wp\/v2\/product_brand?post=8159"},{"taxonomy":"product_cat","embeddable":true,"href":"https:\/\/www.sublloo.com\/sl\/wp-json\/wp\/v2\/product_cat?post=8159"},{"taxonomy":"product_tag","embeddable":true,"href":"https:\/\/www.sublloo.com\/sl\/wp-json\/wp\/v2\/product_tag?post=8159"}],"curies":[{"name":"wp","href":"https:\/\/api.w.org\/{rel}","templated":true}]}}