{"id":8177,"date":"2021-06-05T10:23:35","date_gmt":"2021-06-05T13:23:35","guid":{"rendered":"https:\/\/www.sublloo.com\/sl\/?post_type=product&#038;p=8177"},"modified":"2021-06-30T11:29:30","modified_gmt":"2021-06-30T14:29:30","slug":"cartao-de-visita-4-1-verso-fidelidade","status":"publish","type":"product","link":"https:\/\/www.sublloo.com\/sl\/produtos\/cartao-de-visita-4-1-verso-fidelidade\/","title":{"rendered":"Cart\u00e3o de Visita 4\/1 -Verso Fidelidade"},"content":{"rendered":"<p><strong>CART\u00c3O DE VISITA\u00a0 4\/1 &#8211; 1000 Unidades | Frente Color &#8211; Verso Preto\/Branco<\/strong><\/p>\n<p><img loading=\"lazy\" decoding=\"async\" class=\"alignnone size-full wp-image-8212\" src=\"https:\/\/www.sublloo.com\/sl\/wp-content\/uploads\/2021\/06\/IMAGEM-PERSONAL2-scaled.jpg\" alt=\"\" width=\"2560\" height=\"144\" srcset=\"https:\/\/www.sublloo.com\/sl\/wp-content\/uploads\/2021\/06\/IMAGEM-PERSONAL2-scaled.jpg 2560w, https:\/\/www.sublloo.com\/sl\/wp-content\/uploads\/2021\/06\/IMAGEM-PERSONAL2-300x17.jpg 300w, https:\/\/www.sublloo.com\/sl\/wp-content\/uploads\/2021\/06\/IMAGEM-PERSONAL2-1024x58.jpg 1024w, https:\/\/www.sublloo.com\/sl\/wp-content\/uploads\/2021\/06\/IMAGEM-PERSONAL2-768x43.jpg 768w, https:\/\/www.sublloo.com\/sl\/wp-content\/uploads\/2021\/06\/IMAGEM-PERSONAL2-1536x86.jpg 1536w, https:\/\/www.sublloo.com\/sl\/wp-content\/uploads\/2021\/06\/IMAGEM-PERSONAL2-2048x115.jpg 2048w, https:\/\/www.sublloo.com\/sl\/wp-content\/uploads\/2021\/06\/IMAGEM-PERSONAL2-600x34.jpg 600w, https:\/\/www.sublloo.com\/sl\/wp-content\/uploads\/2021\/06\/IMAGEM-PERSONAL2-60x3.jpg 60w\" sizes=\"auto, (max-width: 2560px) 100vw, 2560px\" \/><\/p>\n<ul>\n<li>Tripex 250g\/m\u00b2<\/li>\n<li>Verniz frente total<\/li>\n<li>9 X5 | 4\/1<\/li>\n<\/ul>\n<p>Ap\u00f3s acessar o an\u00fancio todo o o conte\u00fado poder\u00e1 ser personalizado.\u00a0 \u00a0Ap\u00f3s \u00b4\u00b4Iniciar a Personaliza\u00e7\u00e3o\u00b4\u00b4 o modelo do an\u00fancio ser\u00e1 aberto e as ferramentas estar\u00e3o expostas.\u00a0 Todos o conte\u00fado da arte poder\u00e1 ser substitu\u00eddo, como:\u00a0 \u00a0 \u00a0 \u00a0 \u00a0 \u00a0 * Imagem de fundo, *Fonte e Contorno, *Imagens (apenas png), Logo, entre outros&#8230; Al\u00e9m de recursos inovadores, tamb\u00e9m poder\u00e1 ser adicionadas imagens com extens\u00e3o (png).<\/p>\n<p><img loading=\"lazy\" decoding=\"async\" class=\"wp-image-8219 alignleft\" src=\"https:\/\/www.sublloo.com\/sl\/wp-content\/uploads\/2021\/06\/Ferramentas-sublloo.jpg\" alt=\"\" width=\"147\" height=\"306\" srcset=\"https:\/\/www.sublloo.com\/sl\/wp-content\/uploads\/2021\/06\/Ferramentas-sublloo.jpg 363w, https:\/\/www.sublloo.com\/sl\/wp-content\/uploads\/2021\/06\/Ferramentas-sublloo-144x300.jpg 144w, https:\/\/www.sublloo.com\/sl\/wp-content\/uploads\/2021\/06\/Ferramentas-sublloo-60x125.jpg 60w\" sizes=\"auto, (max-width: 147px) 100vw, 147px\" \/>\u00a0 <img loading=\"lazy\" decoding=\"async\" class=\"wp-image-8218 alignleft\" src=\"https:\/\/www.sublloo.com\/sl\/wp-content\/uploads\/2021\/06\/Area-para-editar.jpg\" alt=\"\" width=\"501\" height=\"310\" srcset=\"https:\/\/www.sublloo.com\/sl\/wp-content\/uploads\/2021\/06\/Area-para-editar.jpg 1140w, https:\/\/www.sublloo.com\/sl\/wp-content\/uploads\/2021\/06\/Area-para-editar-300x186.jpg 300w, https:\/\/www.sublloo.com\/sl\/wp-content\/uploads\/2021\/06\/Area-para-editar-1024x633.jpg 1024w, https:\/\/www.sublloo.com\/sl\/wp-content\/uploads\/2021\/06\/Area-para-editar-768x475.jpg 768w, https:\/\/www.sublloo.com\/sl\/wp-content\/uploads\/2021\/06\/Area-para-editar-600x371.jpg 600w, https:\/\/www.sublloo.com\/sl\/wp-content\/uploads\/2021\/06\/Area-para-editar-60x37.jpg 60w\" sizes=\"auto, (max-width: 501px) 100vw, 501px\" \/><\/p>\n<p>&nbsp;<\/p>\n<p>&nbsp;<\/p>\n<p style=\"text-align: justify;\">Com o nosso editor \u00e9 poss\u00edvel criar qualquer tipo de de Cart\u00e3o de Visita.<img loading=\"lazy\" decoding=\"async\" class=\"wp-image-8209 alignleft\" src=\"https:\/\/www.sublloo.com\/sl\/wp-content\/uploads\/2021\/06\/imagem-personalizacao.jpg\" alt=\"\" width=\"661\" height=\"290\" srcset=\"https:\/\/www.sublloo.com\/sl\/wp-content\/uploads\/2021\/06\/imagem-personalizacao.jpg 1691w, https:\/\/www.sublloo.com\/sl\/wp-content\/uploads\/2021\/06\/imagem-personalizacao-300x132.jpg 300w, https:\/\/www.sublloo.com\/sl\/wp-content\/uploads\/2021\/06\/imagem-personalizacao-1024x450.jpg 1024w, https:\/\/www.sublloo.com\/sl\/wp-content\/uploads\/2021\/06\/imagem-personalizacao-768x337.jpg 768w, https:\/\/www.sublloo.com\/sl\/wp-content\/uploads\/2021\/06\/imagem-personalizacao-1536x675.jpg 1536w, https:\/\/www.sublloo.com\/sl\/wp-content\/uploads\/2021\/06\/imagem-personalizacao-600x264.jpg 600w, https:\/\/www.sublloo.com\/sl\/wp-content\/uploads\/2021\/06\/imagem-personalizacao-60x26.jpg 60w\" sizes=\"auto, (max-width: 661px) 100vw, 661px\" \/><\/p>\n<p style=\"text-align: justify;\">\u00a0<img loading=\"lazy\" decoding=\"async\" class=\"wp-image-8202 alignleft\" style=\"text-align: justify;\" src=\"https:\/\/www.sublloo.com\/sl\/wp-content\/uploads\/2021\/06\/Cartao-fidelidade-0004-1.jpg\" alt=\"\" width=\"287\" height=\"162\" srcset=\"https:\/\/www.sublloo.com\/sl\/wp-content\/uploads\/2021\/06\/Cartao-fidelidade-0004-1.jpg 645w, https:\/\/www.sublloo.com\/sl\/wp-content\/uploads\/2021\/06\/Cartao-fidelidade-0004-1-300x170.jpg 300w, https:\/\/www.sublloo.com\/sl\/wp-content\/uploads\/2021\/06\/Cartao-fidelidade-0004-1-600x340.jpg 600w, https:\/\/www.sublloo.com\/sl\/wp-content\/uploads\/2021\/06\/Cartao-fidelidade-0004-1-60x34.jpg 60w\" sizes=\"auto, (max-width: 287px) 100vw, 287px\" \/><\/p>\n<p style=\"text-align: justify;\"><img loading=\"lazy\" decoding=\"async\" class=\"wp-image-8201 alignleft\" src=\"https:\/\/www.sublloo.com\/sl\/wp-content\/uploads\/2021\/06\/Cartao-fidelidade-0002-1.jpg\" alt=\"\" width=\"277\" height=\"158\" srcset=\"https:\/\/www.sublloo.com\/sl\/wp-content\/uploads\/2021\/06\/Cartao-fidelidade-0002-1.jpg 644w, https:\/\/www.sublloo.com\/sl\/wp-content\/uploads\/2021\/06\/Cartao-fidelidade-0002-1-300x170.jpg 300w, https:\/\/www.sublloo.com\/sl\/wp-content\/uploads\/2021\/06\/Cartao-fidelidade-0002-1-600x341.jpg 600w, https:\/\/www.sublloo.com\/sl\/wp-content\/uploads\/2021\/06\/Cartao-fidelidade-0002-1-60x34.jpg 60w\" sizes=\"auto, (max-width: 277px) 100vw, 277px\" \/><\/p>\n<p><span style=\"background-color: #99ccff;\">Taxa para personalizar esse modelo R$15,00.<\/span><\/p>\n","protected":false},"excerpt":{"rendered":"<p><img loading=\"lazy\" decoding=\"async\" class=\"alignnone wp-image-8215\" src=\"https:\/\/www.sublloo.com\/sl\/wp-content\/uploads\/2021\/06\/personalize-essa-arte-scaled.jpg\" alt=\"\" width=\"383\" height=\"21\" srcset=\"https:\/\/www.sublloo.com\/sl\/wp-content\/uploads\/2021\/06\/personalize-essa-arte-scaled.jpg 2560w, https:\/\/www.sublloo.com\/sl\/wp-content\/uploads\/2021\/06\/personalize-essa-arte-300x16.jpg 300w, https:\/\/www.sublloo.com\/sl\/wp-content\/uploads\/2021\/06\/personalize-essa-arte-1024x56.jpg 1024w, https:\/\/www.sublloo.com\/sl\/wp-content\/uploads\/2021\/06\/personalize-essa-arte-768x42.jpg 768w, https:\/\/www.sublloo.com\/sl\/wp-content\/uploads\/2021\/06\/personalize-essa-arte-1536x84.jpg 1536w, https:\/\/www.sublloo.com\/sl\/wp-content\/uploads\/2021\/06\/personalize-essa-arte-2048x111.jpg 2048w, https:\/\/www.sublloo.com\/sl\/wp-content\/uploads\/2021\/06\/personalize-essa-arte-600x33.jpg 600w, https:\/\/www.sublloo.com\/sl\/wp-content\/uploads\/2021\/06\/personalize-essa-arte-60x3.jpg 60w\" sizes=\"auto, (max-width: 383px) 100vw, 383px\" \/><\/p>\n<p><img loading=\"lazy\" decoding=\"async\" class=\"wp-image-8202 alignleft\" src=\"https:\/\/www.sublloo.com\/sl\/wp-content\/uploads\/2021\/06\/Cartao-fidelidade-0004-1.jpg\" alt=\"\" width=\"242\" height=\"137\" srcset=\"https:\/\/www.sublloo.com\/sl\/wp-content\/uploads\/2021\/06\/Cartao-fidelidade-0004-1.jpg 645w, https:\/\/www.sublloo.com\/sl\/wp-content\/uploads\/2021\/06\/Cartao-fidelidade-0004-1-300x170.jpg 300w, https:\/\/www.sublloo.com\/sl\/wp-content\/uploads\/2021\/06\/Cartao-fidelidade-0004-1-600x340.jpg 600w, https:\/\/www.sublloo.com\/sl\/wp-content\/uploads\/2021\/06\/Cartao-fidelidade-0004-1-60x34.jpg 60w\" sizes=\"auto, (max-width: 242px) 100vw, 242px\" \/><\/p>\n<ul>\n<li style=\"text-align: justify;\">Mudan\u00e7a da logo (frente\/Verso) ou nome da pizzaria<\/li>\n<li style=\"text-align: justify;\">Informa\u00e7\u00f5es comerciais &#8211; Endere\u00e7o completo (Frente)<\/li>\n<li style=\"text-align: justify;\">Endere\u00e7o de M\u00eddias sociais e Delivery (Frente)<\/li>\n<li style=\"text-align: justify;\">Informa\u00e7\u00e3o extra (N\u00e3o grande e havendo espa\u00e7o no projeto do cart\u00e3o).<\/li>\n<li style=\"text-align: justify;\">DIMENS\u00c3O: 9 x5 | 1000 Unidades<\/li>\n<li style=\"text-align: justify;\">4\/1 Frente coloriada | Verso Preto|Branco<\/li>\n<\/ul>\n","protected":false},"featured_media":8204,"comment_status":"open","ping_status":"closed","template":"","meta":[],"product_brand":[],"product_cat":[643,648,653,644],"product_tag":[574,646,95,568,645,647],"class_list":{"0":"post-8177","1":"product","2":"type-product","3":"status-publish","4":"has-post-thumbnail","6":"product_cat-cartao-de-visita-personalizavel","7":"product_cat-hamburgueria","8":"product_cat-lanchonete-delivery","9":"product_cat-pizzaria","10":"product_tag-4-1","11":"product_tag-9x5","12":"product_tag-cartao-de-visita","13":"product_tag-frente-e-verso","14":"product_tag-pizzaria","15":"product_tag-triplex-250","16":"product_shipping_class-servicos-graficos","18":"first","19":"onbackorder","20":"sale","21":"shipping-taxable","22":"purchasable","23":"product-type-simple"},"_links":{"self":[{"href":"https:\/\/www.sublloo.com\/sl\/wp-json\/wp\/v2\/product\/8177","targetHints":{"allow":["GET"]}}],"collection":[{"href":"https:\/\/www.sublloo.com\/sl\/wp-json\/wp\/v2\/product"}],"about":[{"href":"https:\/\/www.sublloo.com\/sl\/wp-json\/wp\/v2\/types\/product"}],"replies":[{"embeddable":true,"href":"https:\/\/www.sublloo.com\/sl\/wp-json\/wp\/v2\/comments?post=8177"}],"wp:featuredmedia":[{"embeddable":true,"href":"https:\/\/www.sublloo.com\/sl\/wp-json\/wp\/v2\/media\/8204"}],"wp:attachment":[{"href":"https:\/\/www.sublloo.com\/sl\/wp-json\/wp\/v2\/media?parent=8177"}],"wp:term":[{"taxonomy":"product_brand","embeddable":true,"href":"https:\/\/www.sublloo.com\/sl\/wp-json\/wp\/v2\/product_brand?post=8177"},{"taxonomy":"product_cat","embeddable":true,"href":"https:\/\/www.sublloo.com\/sl\/wp-json\/wp\/v2\/product_cat?post=8177"},{"taxonomy":"product_tag","embeddable":true,"href":"https:\/\/www.sublloo.com\/sl\/wp-json\/wp\/v2\/product_tag?post=8177"}],"curies":[{"name":"wp","href":"https:\/\/api.w.org\/{rel}","templated":true}]}}