{"id":8248,"date":"2021-06-29T11:25:28","date_gmt":"2021-06-29T14:25:28","guid":{"rendered":"https:\/\/www.sublloo.com\/sl\/?post_type=product&#038;p=8248"},"modified":"2021-12-11T01:04:32","modified_gmt":"2021-12-11T04:04:32","slug":"mini-folheto-couche-90g-m%c2%b2-10-x-7cm","status":"publish","type":"product","link":"https:\/\/www.sublloo.com\/sl\/produtos\/mini-folheto-couche-90g-m%c2%b2-10-x-7cm\/","title":{"rendered":"Mini folheto &#8211; Couch\u00ea 90g\/m\u00b2 &#8211; 10 x 7cm"},"content":{"rendered":"<p><strong>MINI FOLHETO\u00a0 4\/0 &#8211; 2000 Unidades <img loading=\"lazy\" decoding=\"async\" class=\"alignright\" src=\"https:\/\/imageshack.com\/a\/img923\/6605\/0notQ0.png\" alt=\"Loja das ProfissionaiS\" width=\"145\" height=\"58\" \/><\/strong><\/p>\n<p><img loading=\"lazy\" decoding=\"async\" class=\"alignnone wp-image-8264\" src=\"https:\/\/www.sublloo.com\/sl\/wp-content\/uploads\/2021\/06\/mini-folhetos2.jpg\" alt=\"\" width=\"557\" height=\"31\" srcset=\"https:\/\/www.sublloo.com\/sl\/wp-content\/uploads\/2021\/06\/mini-folhetos2.jpg 1926w, https:\/\/www.sublloo.com\/sl\/wp-content\/uploads\/2021\/06\/mini-folhetos2-300x17.jpg 300w, https:\/\/www.sublloo.com\/sl\/wp-content\/uploads\/2021\/06\/mini-folhetos2-1024x56.jpg 1024w, https:\/\/www.sublloo.com\/sl\/wp-content\/uploads\/2021\/06\/mini-folhetos2-768x42.jpg 768w, https:\/\/www.sublloo.com\/sl\/wp-content\/uploads\/2021\/06\/mini-folhetos2-1536x85.jpg 1536w, https:\/\/www.sublloo.com\/sl\/wp-content\/uploads\/2021\/06\/mini-folhetos2-600x33.jpg 600w, https:\/\/www.sublloo.com\/sl\/wp-content\/uploads\/2021\/06\/mini-folhetos2-60x3.jpg 60w\" sizes=\"auto, (max-width: 557px) 100vw, 557px\" \/><\/p>\n<ul>\n<li><strong>Tripex 250g\/m\u00b2<\/strong><\/li>\n<li><strong>10X7 | 4\/0<\/strong><\/li>\n<\/ul>\n<p>COMO FAZER: Ap\u00f3s acessar o an\u00fancio todo o o conte\u00fado poder\u00e1 ser personalizado.\u00a0 \u00a0Ap\u00f3s \u00b4\u00b4<span style=\"background-color: #000000; color: #ffffff;\">INICIAR PERSONALIZA\u00c7\u00c3O<\/span>\u00b4\u00b4 o modelo do an\u00fancio e outros ser\u00e3o abertos caso a sua op\u00e7\u00e3o seja criar a sua pr\u00f3pria arte e todas as ferramentas estar\u00e3o expostas.\u00a0 Todo o conte\u00fado da arte poder\u00e1 ser substitu\u00eddo, como:\u00a0 \u00a0* Imagem de fundo, *Fonte e Contorno, *Imagens (apenas png), Logo, entre outros&#8230; Al\u00e9m de recursos inovadores, tamb\u00e9m poder\u00e1 ser adicionadas imagens com extens\u00e3o (png). Leia abaixo mais informa\u00e7\u00f5es&#8230;<\/p>\n<p><img loading=\"lazy\" decoding=\"async\" class=\"alignnone wp-image-8280\" src=\"https:\/\/www.sublloo.com\/sl\/wp-content\/uploads\/2021\/06\/imagem-anuncio-corpo-2.jpg\" alt=\"\" width=\"653\" height=\"353\" srcset=\"https:\/\/www.sublloo.com\/sl\/wp-content\/uploads\/2021\/06\/imagem-anuncio-corpo-2.jpg 1677w, https:\/\/www.sublloo.com\/sl\/wp-content\/uploads\/2021\/06\/imagem-anuncio-corpo-2-300x162.jpg 300w, https:\/\/www.sublloo.com\/sl\/wp-content\/uploads\/2021\/06\/imagem-anuncio-corpo-2-1024x554.jpg 1024w, https:\/\/www.sublloo.com\/sl\/wp-content\/uploads\/2021\/06\/imagem-anuncio-corpo-2-768x415.jpg 768w, https:\/\/www.sublloo.com\/sl\/wp-content\/uploads\/2021\/06\/imagem-anuncio-corpo-2-1536x831.jpg 1536w, https:\/\/www.sublloo.com\/sl\/wp-content\/uploads\/2021\/06\/imagem-anuncio-corpo-2-600x325.jpg 600w, https:\/\/www.sublloo.com\/sl\/wp-content\/uploads\/2021\/06\/imagem-anuncio-corpo-2-60x32.jpg 60w\" sizes=\"auto, (max-width: 653px) 100vw, 653px\" \/><\/p>\n<p style=\"text-align: left;\">Com o nosso editor \u00e9 poss\u00edvel criar qualquer tipo de de Cart\u00e3o de Visita.<img loading=\"lazy\" decoding=\"async\" class=\"alignnone wp-image-8412\" src=\"https:\/\/www.sublloo.com\/sl\/wp-content\/uploads\/2021\/06\/Imagem-personalizacao-3.jpg\" alt=\"\" width=\"653\" height=\"285\" srcset=\"https:\/\/www.sublloo.com\/sl\/wp-content\/uploads\/2021\/06\/Imagem-personalizacao-3.jpg 916w, https:\/\/www.sublloo.com\/sl\/wp-content\/uploads\/2021\/06\/Imagem-personalizacao-3-600x262.jpg 600w, https:\/\/www.sublloo.com\/sl\/wp-content\/uploads\/2021\/06\/Imagem-personalizacao-3-60x26.jpg 60w, https:\/\/www.sublloo.com\/sl\/wp-content\/uploads\/2021\/06\/Imagem-personalizacao-3-300x131.jpg 300w, https:\/\/www.sublloo.com\/sl\/wp-content\/uploads\/2021\/06\/Imagem-personalizacao-3-768x335.jpg 768w\" sizes=\"auto, (max-width: 653px) 100vw, 653px\" \/><\/p>\n<p><img loading=\"lazy\" decoding=\"async\" class=\"wp-image-8239 alignleft\" src=\"https:\/\/www.sublloo.com\/sl\/wp-content\/uploads\/2021\/06\/Cartao-de-Visita-Construcao-civil.jpg\" alt=\"\" width=\"288\" height=\"163\" srcset=\"https:\/\/www.sublloo.com\/sl\/wp-content\/uploads\/2021\/06\/Cartao-de-Visita-Construcao-civil.jpg 646w, https:\/\/www.sublloo.com\/sl\/wp-content\/uploads\/2021\/06\/Cartao-de-Visita-Construcao-civil-300x170.jpg 300w, https:\/\/www.sublloo.com\/sl\/wp-content\/uploads\/2021\/06\/Cartao-de-Visita-Construcao-civil-600x340.jpg 600w, https:\/\/www.sublloo.com\/sl\/wp-content\/uploads\/2021\/06\/Cartao-de-Visita-Construcao-civil-60x34.jpg 60w\" sizes=\"auto, (max-width: 288px) 100vw, 288px\" \/><\/p>\n<p><img loading=\"lazy\" decoding=\"async\" class=\"wp-image-8240\" src=\"https:\/\/www.sublloo.com\/sl\/wp-content\/uploads\/2021\/06\/Cartao-de-Visita-Construcao-civil-VERSO.jpg\" alt=\"\" width=\"296\" height=\"168\" srcset=\"https:\/\/www.sublloo.com\/sl\/wp-content\/uploads\/2021\/06\/Cartao-de-Visita-Construcao-civil-VERSO.jpg 646w, https:\/\/www.sublloo.com\/sl\/wp-content\/uploads\/2021\/06\/Cartao-de-Visita-Construcao-civil-VERSO-300x170.jpg 300w, https:\/\/www.sublloo.com\/sl\/wp-content\/uploads\/2021\/06\/Cartao-de-Visita-Construcao-civil-VERSO-600x341.jpg 600w, https:\/\/www.sublloo.com\/sl\/wp-content\/uploads\/2021\/06\/Cartao-de-Visita-Construcao-civil-VERSO-60x34.jpg 60w\" sizes=\"auto, (max-width: 296px) 100vw, 296px\" \/><\/p>\n<ul>\n<li style=\"text-align: justify;\">Todas as informa\u00e7\u00f5es\u00a0 poder\u00e3o ser editadas (para textos) ou imagens (png) substitu\u00eddas. (As informa\u00e7\u00f5es dever\u00e3o estar dentro da linha \u00b4\u00b4verde\u00b4\u00b4, margem de seguran\u00e7a). A linha vermelha \u00e9 a linha de corte onde o mini folder ser\u00e1 cortado.\u00a0 A imagem que excede a linha vermelha \u00e9 necess\u00e1ria apenas como imagem de fundo, chamada sangria que servir\u00e1 caso a m\u00e1quina guilhotina de corte ultrapasse milimetricamente a linha vermelha. Assim que for definida a imagem de fundo, clique sobre ela com o lado direito do mouse e em seguida clique sobre \u00b4\u00b4DEFINIR COMO IMAGEM DE FUNDO\u00b4\u00b4, pronto! A imagem ocupar\u00e1 toda a \u00e1rea da sua arte.<\/li>\n<li><span style=\"background-color: #ffffff;\">Personalize a sua arte gratuitamente ou n\u00f3s podemos personalizar para voc\u00ea. <span style=\"background-color: #ffcc99;\">Taxa para personalizar esse modelo R$10,00.<\/span><\/span><\/li>\n<\/ul>\n<p><img loading=\"lazy\" decoding=\"async\" class=\"wp-image-8253 alignleft\" src=\"https:\/\/www.sublloo.com\/sl\/wp-content\/uploads\/2021\/06\/Hamburguer-Madeira.jpg\" alt=\"\" width=\"202\" height=\"285\" srcset=\"https:\/\/www.sublloo.com\/sl\/wp-content\/uploads\/2021\/06\/Hamburguer-Madeira.jpg 300w, https:\/\/www.sublloo.com\/sl\/wp-content\/uploads\/2021\/06\/Hamburguer-Madeira-213x300.jpg 213w, https:\/\/www.sublloo.com\/sl\/wp-content\/uploads\/2021\/06\/Hamburguer-Madeira-60x85.jpg 60w\" sizes=\"auto, (max-width: 202px) 100vw, 202px\" \/><\/p>\n<p style=\"text-align: left;\"><span style=\"background-color: #ff6600; color: #ffffff;\">O que pode ser personalizado online?<\/span><\/p>\n<ul>\n<li style=\"text-align: left;\">Mudan\u00e7a da logo (png) ou texto com o nome da loja<\/li>\n<li style=\"text-align: left;\">Informa\u00e7\u00f5es comerciais &#8211; Endere\u00e7o completo<\/li>\n<li style=\"text-align: left;\">Endere\u00e7o de M\u00eddias sociais e Delivery<\/li>\n<li style=\"text-align: left;\">Imagem principal e extras, al\u00e9m de ferramentas opcionais.<\/li>\n<li style=\"text-align: left;\">DIMENS\u00d5ES: 10&#215;7 | 2000 Unidades<\/li>\n<li style=\"text-align: left;\">4\/0 Frente coloriada (Verso branco)<\/li>\n<li style=\"text-align: left;\">Esse an\u00fancio \u00e9 para mini folder 90g\/m\u00b2, para maior espessura, contate-nos!<\/li>\n<\/ul>\n<p>&nbsp;<\/p>\n","protected":false},"excerpt":{"rendered":"<p><strong><span style=\"color: #ffffff; background-color: #ff6600;\">ARTE PERSONALIZ\u00c1VEL<\/span><\/strong><\/p>\n","protected":false},"featured_media":8250,"comment_status":"open","ping_status":"closed","template":"","meta":[],"product_brand":[],"product_cat":[657,658,232],"product_tag":[553,99,95,557,662,659,660,655,661,656,652],"class_list":{"0":"post-8248","1":"product","2":"type-product","3":"status-publish","4":"has-post-thumbnail","6":"product_cat-folhetos-personalizaveis","7":"product_cat-lanchonetes-delivery","8":"product_cat-servicos-graficos","9":"product_tag-90g-m","10":"product_tag-banner","11":"product_tag-cartao-de-visita","12":"product_tag-couche-115g-m","13":"product_tag-delivery","14":"product_tag-flyers","15":"product_tag-folhetos","16":"product_tag-folser","17":"product_tag-lanchonetes","18":"product_tag-mini-folhetos","19":"product_tag-profissionais-liberais","20":"product_shipping_class-servicos-graficos","22":"first","23":"onbackorder","24":"sale","25":"shipping-taxable","26":"purchasable","27":"product-type-simple"},"_links":{"self":[{"href":"https:\/\/www.sublloo.com\/sl\/wp-json\/wp\/v2\/product\/8248","targetHints":{"allow":["GET"]}}],"collection":[{"href":"https:\/\/www.sublloo.com\/sl\/wp-json\/wp\/v2\/product"}],"about":[{"href":"https:\/\/www.sublloo.com\/sl\/wp-json\/wp\/v2\/types\/product"}],"replies":[{"embeddable":true,"href":"https:\/\/www.sublloo.com\/sl\/wp-json\/wp\/v2\/comments?post=8248"}],"wp:featuredmedia":[{"embeddable":true,"href":"https:\/\/www.sublloo.com\/sl\/wp-json\/wp\/v2\/media\/8250"}],"wp:attachment":[{"href":"https:\/\/www.sublloo.com\/sl\/wp-json\/wp\/v2\/media?parent=8248"}],"wp:term":[{"taxonomy":"product_brand","embeddable":true,"href":"https:\/\/www.sublloo.com\/sl\/wp-json\/wp\/v2\/product_brand?post=8248"},{"taxonomy":"product_cat","embeddable":true,"href":"https:\/\/www.sublloo.com\/sl\/wp-json\/wp\/v2\/product_cat?post=8248"},{"taxonomy":"product_tag","embeddable":true,"href":"https:\/\/www.sublloo.com\/sl\/wp-json\/wp\/v2\/product_tag?post=8248"}],"curies":[{"name":"wp","href":"https:\/\/api.w.org\/{rel}","templated":true}]}}