{"id":8446,"date":"2021-08-08T00:47:22","date_gmt":"2021-08-08T03:47:22","guid":{"rendered":"https:\/\/www.sublloo.com\/sl\/?post_type=product&#038;p=8446"},"modified":"2023-01-25T14:45:26","modified_gmt":"2023-01-25T17:45:26","slug":"ventarola-triplex-250g-m%c2%b2-215x245cm-4-4","status":"publish","type":"product","link":"https:\/\/www.sublloo.com\/sl\/produtos\/ventarola-triplex-250g-m%c2%b2-215x245cm-4-4\/","title":{"rendered":"Ventarola &#8211; triplex 250g\/m\u00b2 &#8211; 21,5&#215;24,5cm &#8211; 4\/4"},"content":{"rendered":"<p><strong>Ventarola &#8211; triplex 250g\/m\u00b2 &#8211; 21,5&#215;24,5cm &#8211; 4\/4<\/strong><\/p>\n<p><i>A\u00a0Ventarola\u00a0\u00e9 um material gr\u00e1fico\u00a0impresso em papel\u00a0que lembra um\u00a0leque, uma vez que pode ser\u00a0utilizada\u00a0para abanar\u00a0e refrescar. O produto \u00e9\u00a0indicado\u00a0para uso em ambientes como\u00a0bares, hot\u00e9is, shows\u00a0e estabelecimentos localizados em regi\u00f5es quentes e regi\u00f5es litor\u00e2neas.<\/i><\/p>\n<p><img loading=\"lazy\" decoding=\"async\" class=\"\" src=\"https:\/\/www.mundodacerveja.com\/imagens\/33\/img_produtos\/41290\/41290_1.jpg?v=1625696767\" alt=\"Mundo da Cerveja - Itens para cole\u00e7\u00e3o e decora\u00e7\u00e3o | Mundo da Cerveja - Itens para cole\u00e7\u00e3o e decora\u00e7\u00e3o\" width=\"501\" height=\"501\" \/><\/p>\n<p><span style=\"color: #3366ff;\"><strong>FECHAMENTO DE ARQUIVOS &#8211; COREL DRAW | ILLUSTRATOR<\/strong><\/span><\/p>\n<p><img loading=\"lazy\" decoding=\"async\" class=\"\" src=\"https:\/\/grafica.design\/forum\/wp-content\/uploads\/sites\/61\/2015\/06\/margensSangria.jpg\" alt=\"Sangria e Margens - F\u00f3rum | Gr\u00e1fica.Design | N\u00e3o \u00c9 S\u00f3 Ensinar, \u00c9 transformar Profissionais Gr\u00e1ficos | Estamos Onde Voc\u00ea Estiver\" width=\"585\" height=\"378\" \/><\/p>\n<p>&nbsp;<\/p>\n<p><span style=\"color: #808080; font-size: 12pt;\"><a style=\"color: #808080;\" href=\"https:\/\/www.sublloo.com\/sl\/como-fechar-o-arquivo-e-enviar-para-a-producao\" target=\"_blank\" rel=\"noopener\"><strong>CLIQUE AQUI<\/strong><\/a>\u00a0<\/span> e saiba como fechar o arquivo e enviar para a produ\u00e7\u00e3o.<\/p>\n<p>Clicando <span style=\"font-size: 12pt;\"><span style=\"color: #ff9900;\"><a style=\"color: #ff9900;\" href=\"https:\/\/www.sublloo.com\/sl\/fechamento-de-arquivo-saida-pdf\/\" target=\"_blank\" rel=\"noopener\"><strong><span style=\"color: #808080;\">AQUI!<\/span><\/strong><\/a><\/span>\u00a0<\/span> voc\u00ea saber\u00e1 como fechar o arquivo em pdf.<\/p>\n<p>&nbsp;<\/p>\n<p><span style=\"color: #000000;\"><strong>*Clique em Solicitar Or\u00e7amento ou D\u00favida Box informando quantidade e CEP para saber o valor do <span style=\"color: #003366;\">FRETE POR TRANSPOTADORA<\/span>. \u00a0Breve responderemos! <\/strong><\/span><\/p>\n<p>* O frete ser\u00e1 em at\u00e9 6\/10 dias ap\u00f3s o recebimento e aprova\u00e7\u00e3o da arte.<\/p>\n","protected":false},"excerpt":{"rendered":"<p><strong>\u00a0 \u00a0 \u00a0 \u00a0BAIXAR O GABARITO<\/strong><\/p>\n<p><a href=\"https:\/\/www.sublloo.com\/sl?wpdmdl=8172&amp;ind=1622771362401\"><img loading=\"lazy\" decoding=\"async\" class=\"\" src=\"https:\/\/www.sublloo.com\/sl\/wp-content\/uploads\/2016\/03\/clique-aqui-download-arquivo.png\" width=\"220\" height=\"93\" \/><\/a><\/p>\n","protected":false},"featured_media":8454,"comment_status":"open","ping_status":"closed","template":"","meta":[],"product_brand":[],"product_cat":[232,333],"product_tag":[667,669,668,666,562,451,665],"class_list":{"0":"post-8446","1":"product","2":"type-product","3":"status-publish","4":"has-post-thumbnail","6":"product_cat-servicos-graficos","7":"product_cat-ventarolas-abanadores","8":"product_tag-667","9":"product_tag-669","10":"product_tag-5-x-24","11":"product_tag-abanadores","12":"product_tag-couche-250g-m","13":"product_tag-servicos-graficos","14":"product_tag-ventarola","15":"product_shipping_class-servicos-graficos","17":"first","18":"onbackorder","19":"sale","20":"shipping-taxable","21":"purchasable","22":"product-type-variable"},"_links":{"self":[{"href":"https:\/\/www.sublloo.com\/sl\/wp-json\/wp\/v2\/product\/8446","targetHints":{"allow":["GET"]}}],"collection":[{"href":"https:\/\/www.sublloo.com\/sl\/wp-json\/wp\/v2\/product"}],"about":[{"href":"https:\/\/www.sublloo.com\/sl\/wp-json\/wp\/v2\/types\/product"}],"replies":[{"embeddable":true,"href":"https:\/\/www.sublloo.com\/sl\/wp-json\/wp\/v2\/comments?post=8446"}],"wp:featuredmedia":[{"embeddable":true,"href":"https:\/\/www.sublloo.com\/sl\/wp-json\/wp\/v2\/media\/8454"}],"wp:attachment":[{"href":"https:\/\/www.sublloo.com\/sl\/wp-json\/wp\/v2\/media?parent=8446"}],"wp:term":[{"taxonomy":"product_brand","embeddable":true,"href":"https:\/\/www.sublloo.com\/sl\/wp-json\/wp\/v2\/product_brand?post=8446"},{"taxonomy":"product_cat","embeddable":true,"href":"https:\/\/www.sublloo.com\/sl\/wp-json\/wp\/v2\/product_cat?post=8446"},{"taxonomy":"product_tag","embeddable":true,"href":"https:\/\/www.sublloo.com\/sl\/wp-json\/wp\/v2\/product_tag?post=8446"}],"curies":[{"name":"wp","href":"https:\/\/api.w.org\/{rel}","templated":true}]}}