{"id":8579,"date":"2021-12-09T22:20:14","date_gmt":"2021-12-10T01:20:14","guid":{"rendered":"https:\/\/www.sublloo.com\/sl\/?post_type=product&#038;p=8579"},"modified":"2023-01-25T14:45:30","modified_gmt":"2023-01-25T17:45:30","slug":"encarte-70g-21x28-4-4","status":"publish","type":"product","link":"https:\/\/www.sublloo.com\/sl\/produtos\/encarte-70g-21x28-4-4\/","title":{"rendered":"Encarte 70g 21&#215;28 4\/4"},"content":{"rendered":"<p><strong>Encarte 70g 21&#215;28 4\/4<\/strong><\/p>\n<p><em><strong>Encartes s\u00e3o muito utilizados em mercados, lojas e com\u00e9rcios em geral para anunciar promo\u00e7\u00f5es e cat\u00e1logo de pre\u00e7os. \u00c9 uma ferramenta de Marketing extremamente eficaz e por isso\u00a0<\/strong><\/em><em><strong>s\u00e3o indispens\u00e1veis pra diversas empresas, principalmente mercados.\u00a0<\/strong><\/em><\/p>\n<p><span style=\"color: #3366ff;\"><strong>FECHAMENTO DE ARQUIVOS &#8211; COREL DRAW | ILLUSTRATOR<\/strong><\/span><\/p>\n<p><img loading=\"lazy\" decoding=\"async\" class=\"\" src=\"https:\/\/grafica.design\/forum\/wp-content\/uploads\/sites\/61\/2015\/06\/margensSangria.jpg\" alt=\"Sangria e Margens - F\u00f3rum | Gr\u00e1fica.Design | N\u00e3o \u00c9 S\u00f3 Ensinar, \u00c9 transformar Profissionais Gr\u00e1ficos | Estamos Onde Voc\u00ea Estiver\" width=\"585\" height=\"378\" \/><\/p>\n<p><span style=\"color: #808080; font-size: 12pt;\"><a style=\"color: #808080;\" href=\"https:\/\/www.sublloo.com\/sl\/como-fechar-o-arquivo-e-enviar-para-a-producao\" target=\"_blank\" rel=\"noopener\"><strong>CLIQUE AQUI<\/strong><\/a>\u00a0<\/span> e saiba como fechar o arquivo e enviar para a produ\u00e7\u00e3o.<\/p>\n<p>Clicando <span style=\"font-size: 12pt;\"><span style=\"color: #ff9900;\"><a style=\"color: #ff9900;\" href=\"https:\/\/www.sublloo.com\/sl\/fechamento-de-arquivo-saida-pdf\/\" target=\"_blank\" rel=\"noopener\"><strong><span style=\"color: #808080;\">AQUI!<\/span><\/strong><\/a><\/span>\u00a0<\/span> voc\u00ea saber\u00e1 como fechar o arquivo em pdf.<\/p>\n<p><span style=\"color: #000000;\"><strong>*Pedidos com peso superior a 28kg ser\u00e3o enviados por transportadora, ficando o comprador encarregado em contatar\u00a0 JadLog, BusLog, Cargobr ou outra, \u00e0 crit\u00e9rio, que retire a encomenda no local indicado por n\u00f3s ap\u00f3s a confirma\u00e7\u00e3o do pagamento.<\/strong><\/span><\/p>\n<p><span style=\"color: #000000;\"><strong>Para maiores informa\u00e7\u00f5es clique em Solicitar Or\u00e7amento, D\u00favida Box ou chat.\u00a0<\/strong><\/span><\/p>\n<p>* O frete ser\u00e1 em at\u00e9 10\/15 dias ap\u00f3s a confirma\u00e7\u00e3o do pagamento e o recebimento e aprova\u00e7\u00e3o da arte.<\/p>\n","protected":false},"excerpt":{"rendered":"<p><span style=\"background-color: #ff6600; color: #ffffff;\"><strong>*Enviado por transportadora. Contate-nos!<\/strong><\/span><\/p>\n<p><strong>\u00a0 \u00a0 \u00a0 \u00a0BAIXAR O GABARITO<\/strong><\/p>\n<p><a href=\"https:\/\/www.sublloo.com\/sl\/download\/encarte-70g-21x28-4-4\/?wpdmdl=8588&amp;masterkey=61b2b2156fd64\"><img loading=\"lazy\" decoding=\"async\" class=\"\" src=\"https:\/\/www.sublloo.com\/sl\/wp-content\/uploads\/2016\/03\/clique-aqui-download-arquivo.png\" width=\"220\" height=\"93\" \/><\/a><\/p>\n","protected":false},"featured_media":8576,"comment_status":"open","ping_status":"closed","template":"","meta":[],"product_brand":[],"product_cat":[289,288,232],"product_tag":[677,615,451],"class_list":{"0":"post-8579","1":"product","2":"type-product","3":"status-publish","4":"has-post-thumbnail","6":"product_cat-encarte-couche-semi-brilho","7":"product_cat-encartes","8":"product_cat-servicos-graficos","9":"product_tag-encarte-70g-21x28-4-4","10":"product_tag-folheto-90g-m-10x14cm-4-0","11":"product_tag-servicos-graficos","12":"product_shipping_class-servicos-graficos","14":"first","15":"onbackorder","16":"sale","17":"shipping-taxable","18":"purchasable","19":"product-type-simple"},"_links":{"self":[{"href":"https:\/\/www.sublloo.com\/sl\/wp-json\/wp\/v2\/product\/8579","targetHints":{"allow":["GET"]}}],"collection":[{"href":"https:\/\/www.sublloo.com\/sl\/wp-json\/wp\/v2\/product"}],"about":[{"href":"https:\/\/www.sublloo.com\/sl\/wp-json\/wp\/v2\/types\/product"}],"replies":[{"embeddable":true,"href":"https:\/\/www.sublloo.com\/sl\/wp-json\/wp\/v2\/comments?post=8579"}],"wp:featuredmedia":[{"embeddable":true,"href":"https:\/\/www.sublloo.com\/sl\/wp-json\/wp\/v2\/media\/8576"}],"wp:attachment":[{"href":"https:\/\/www.sublloo.com\/sl\/wp-json\/wp\/v2\/media?parent=8579"}],"wp:term":[{"taxonomy":"product_brand","embeddable":true,"href":"https:\/\/www.sublloo.com\/sl\/wp-json\/wp\/v2\/product_brand?post=8579"},{"taxonomy":"product_cat","embeddable":true,"href":"https:\/\/www.sublloo.com\/sl\/wp-json\/wp\/v2\/product_cat?post=8579"},{"taxonomy":"product_tag","embeddable":true,"href":"https:\/\/www.sublloo.com\/sl\/wp-json\/wp\/v2\/product_tag?post=8579"}],"curies":[{"name":"wp","href":"https:\/\/api.w.org\/{rel}","templated":true}]}}