{"id":8701,"date":"2022-01-15T22:49:23","date_gmt":"2022-01-16T01:49:23","guid":{"rendered":"https:\/\/www.sublloo.com\/sl\/?post_type=product&#038;p=8701"},"modified":"2022-01-16T19:35:12","modified_gmt":"2022-01-16T22:35:12","slug":"sacolinha-horizontal-super-mario-com-mini-jogo-no-verso","status":"publish","type":"product","link":"https:\/\/www.sublloo.com\/sl\/produtos\/sacolinha-horizontal-super-mario-com-mini-jogo-no-verso\/","title":{"rendered":"Sacolinha Horizontal Super Mario com Mini jogo no verso"},"content":{"rendered":"<p><img loading=\"lazy\" decoding=\"async\" class=\"alignnone wp-image-8638\" src=\"https:\/\/www.sublloo.com\/sl\/wp-content\/uploads\/2022\/01\/Sublloo-Arts-Logo.jpg\" alt=\"\" width=\"232\" height=\"54\" srcset=\"https:\/\/www.sublloo.com\/sl\/wp-content\/uploads\/2022\/01\/Sublloo-Arts-Logo.jpg 1200w, https:\/\/www.sublloo.com\/sl\/wp-content\/uploads\/2022\/01\/Sublloo-Arts-Logo-300x70.jpg 300w, https:\/\/www.sublloo.com\/sl\/wp-content\/uploads\/2022\/01\/Sublloo-Arts-Logo-1024x239.jpg 1024w, https:\/\/www.sublloo.com\/sl\/wp-content\/uploads\/2022\/01\/Sublloo-Arts-Logo-768x179.jpg 768w, https:\/\/www.sublloo.com\/sl\/wp-content\/uploads\/2022\/01\/Sublloo-Arts-Logo-60x14.jpg 60w, https:\/\/www.sublloo.com\/sl\/wp-content\/uploads\/2022\/01\/Sublloo-Arts-Logo-110x26.jpg 110w, https:\/\/www.sublloo.com\/sl\/wp-content\/uploads\/2022\/01\/Sublloo-Arts-Logo-600x140.jpg 600w\" sizes=\"auto, (max-width: 232px) 100vw, 232px\" \/><\/p>\n<p>SACOLINHA G PERSONALIZADA C\/ MINI JOGO NO VERSO (V\u00c1RIOS TEMAS)<\/p>\n<p>*Sacolinhas com o TEMA &#8211;\u00a0 SUPER MARIO, NOME e a IDADE DA CRIAN\u00c7A<br \/>\n*Sacolinhas impressas TOTAL!<br \/>\n*Dimens\u00f5es: altura 21 cm, largura 17 cm, lateral 5,5 cm.<br \/>\n(aproximadamente)<br \/>\n*Papel Brilhoso de alta defini\u00e7\u00e3o gr\u00e1fica.<br \/>\n*Resistente a respingos<br \/>\n*Acompanha cord\u00f5es para al\u00e7a<br \/>\n*As sacolinha v\u00e3o prontas para montar e colar.<\/p>\n<p>MINI JOGO &#8212;&#8212;&#8212;&#8212;&#8212;&#8212;&#8212;&#8212;&#8212;&#8212;&#8212;-<br \/>\nDIMENS\u00d5ES: 15cm x 20cm aproximadamente<br \/>\nDado e jogadores em papel para recortar e montar<br \/>\nObs. Os furos da al\u00e7a da sacolinha poder\u00e3o aparecer no tabuleiro<br \/>\n&#8212;&#8212;&#8212;&#8212;&#8212;&#8212;&#8212;&#8212;&#8212;&#8212;&#8212;&#8212;&#8212;&#8212;&#8212;&#8212;&#8212;&#8212;&#8212;&#8212;&#8212;&#8212;<br \/>\nNOS CHAME NO CHAT EM CASO DE D\u00daVIDAS<br \/>\n&#8212;&#8212;&#8212;&#8212;&#8212;&#8212;&#8212;&#8212;&#8212;&#8212;&#8212;&#8212;&#8212;&#8212;&#8212;&#8212;&#8212;&#8212;-<br \/>\nProcesso de Confec\u00e7\u00e3o:<br \/>\nEM CASO DE D\u00daVIDAS NOS CONTATE PELO CHAT!<br \/>\nOs Layouts s\u00e3o confeccionadas em at\u00e9 03\/5 dias \u00fateis ap\u00f3s o envio dos dados (dizeres, fotos, etc).<br \/>\nO envio do material se d\u00e1 em at\u00e9 7 dias \u00fateis ap\u00f3s a aprova\u00e7\u00e3o da arte final e confirma\u00e7\u00e3o dos pagamentos.<br \/>\nPEDIDO M\u00cdNIMO para SACOLINHA G- 25 UNIDADES com apenas uma arte ( AR T E &#8211; E X T R A &#8211; R$ 10,00)<\/p>\n","protected":false},"excerpt":{"rendered":"<p><img loading=\"lazy\" decoding=\"async\" class=\"alignnone wp-image-8703\" src=\"https:\/\/www.sublloo.com\/sl\/wp-content\/uploads\/2022\/01\/logo-pix-para-Sublloo.jpg\" alt=\"\" width=\"330\" height=\"58\" srcset=\"https:\/\/www.sublloo.com\/sl\/wp-content\/uploads\/2022\/01\/logo-pix-para-Sublloo.jpg 1200w, https:\/\/www.sublloo.com\/sl\/wp-content\/uploads\/2022\/01\/logo-pix-para-Sublloo-300x53.jpg 300w, https:\/\/www.sublloo.com\/sl\/wp-content\/uploads\/2022\/01\/logo-pix-para-Sublloo-1024x180.jpg 1024w, https:\/\/www.sublloo.com\/sl\/wp-content\/uploads\/2022\/01\/logo-pix-para-Sublloo-768x135.jpg 768w, https:\/\/www.sublloo.com\/sl\/wp-content\/uploads\/2022\/01\/logo-pix-para-Sublloo-60x11.jpg 60w, https:\/\/www.sublloo.com\/sl\/wp-content\/uploads\/2022\/01\/logo-pix-para-Sublloo-110x19.jpg 110w, https:\/\/www.sublloo.com\/sl\/wp-content\/uploads\/2022\/01\/logo-pix-para-Sublloo-600x106.jpg 600w\" sizes=\"auto, (max-width: 330px) 100vw, 330px\" \/><\/p>\n","protected":false},"featured_media":8642,"comment_status":"open","ping_status":"closed","template":"","meta":[],"product_brand":[],"product_cat":[85,693,692],"product_tag":[695,349,694,698,697,699,385,696,342,158,397,383],"class_list":{"0":"post-8701","1":"product","2":"type-product","3":"status-publish","4":"has-post-thumbnail","6":"product_cat-aniversario-festas","7":"product_cat-sacolinha-horizontal","8":"product_cat-sacolinhas","9":"product_tag-alca-cordao","10":"product_tag-carros","11":"product_tag-horizontal","12":"product_tag-hotwheels","13":"product_tag-jogo-no-verso","14":"product_tag-masha-e-o-urso","15":"product_tag-minecraft","16":"product_tag-mini-jogo","17":"product_tag-patrulha-canina","18":"product_tag-sacolinha","19":"product_tag-sonic","20":"product_tag-super-mario","21":"product_shipping_class-personalizados","23":"first","24":"onbackorder","25":"sale","26":"shipping-taxable","27":"purchasable","28":"product-type-simple"},"_links":{"self":[{"href":"https:\/\/www.sublloo.com\/sl\/wp-json\/wp\/v2\/product\/8701","targetHints":{"allow":["GET"]}}],"collection":[{"href":"https:\/\/www.sublloo.com\/sl\/wp-json\/wp\/v2\/product"}],"about":[{"href":"https:\/\/www.sublloo.com\/sl\/wp-json\/wp\/v2\/types\/product"}],"replies":[{"embeddable":true,"href":"https:\/\/www.sublloo.com\/sl\/wp-json\/wp\/v2\/comments?post=8701"}],"wp:featuredmedia":[{"embeddable":true,"href":"https:\/\/www.sublloo.com\/sl\/wp-json\/wp\/v2\/media\/8642"}],"wp:attachment":[{"href":"https:\/\/www.sublloo.com\/sl\/wp-json\/wp\/v2\/media?parent=8701"}],"wp:term":[{"taxonomy":"product_brand","embeddable":true,"href":"https:\/\/www.sublloo.com\/sl\/wp-json\/wp\/v2\/product_brand?post=8701"},{"taxonomy":"product_cat","embeddable":true,"href":"https:\/\/www.sublloo.com\/sl\/wp-json\/wp\/v2\/product_cat?post=8701"},{"taxonomy":"product_tag","embeddable":true,"href":"https:\/\/www.sublloo.com\/sl\/wp-json\/wp\/v2\/product_tag?post=8701"}],"curies":[{"name":"wp","href":"https:\/\/api.w.org\/{rel}","templated":true}]}}