{"id":8711,"date":"2022-02-01T00:01:16","date_gmt":"2022-02-01T03:01:16","guid":{"rendered":"https:\/\/www.sublloo.com\/sl\/?post_type=product&#038;p=8711"},"modified":"2022-02-01T00:31:18","modified_gmt":"2022-02-01T03:31:18","slug":"fotografia-preto-branco-detalhe-colorido","status":"publish","type":"product","link":"https:\/\/www.sublloo.com\/sl\/produtos\/fotografia-preto-branco-detalhe-colorido\/","title":{"rendered":"Fotografia Preto &#038; Branco &#8211; Detalhe colorido"},"content":{"rendered":"<p><span style=\"font-size: 14pt;\"><strong>Fotografias Personalizadas<\/strong><\/span><br \/>\n<strong>Preto &amp; Branco com detalhe Colorido\u00a0 10 x 15cm<\/strong><br \/>\nTransformamos a fotografia colorida em preto e branco com detalhe colorido.<br \/>\n*Papel Fotogr\u00e1fico Premium \u00e0 prova de respingos<br \/>\n*Alta defini\u00e7\u00e3o gr\u00e1fica &#8211; 230gr<br \/>\n*Dupla camada de verniz UV<br \/>\n<span style=\"background-color: #ff0000; color: #ffffff;\">*Envio em at\u00e9 15 dias ap\u00f3s o recebimento da imagem.<\/span><br \/>\nContate-nos em caso de d\u00favidas!<\/p>\n<p><img loading=\"lazy\" decoding=\"async\" class=\"wp-image-8712 alignleft\" src=\"https:\/\/www.sublloo.com\/sl\/wp-content\/uploads\/2022\/01\/9ffa2ce54288d5eff653c107cdf1c8b7.jpg\" alt=\"\" width=\"300\" height=\"459\" srcset=\"https:\/\/www.sublloo.com\/sl\/wp-content\/uploads\/2022\/01\/9ffa2ce54288d5eff653c107cdf1c8b7.jpg 418w, https:\/\/www.sublloo.com\/sl\/wp-content\/uploads\/2022\/01\/9ffa2ce54288d5eff653c107cdf1c8b7-196x300.jpg 196w, https:\/\/www.sublloo.com\/sl\/wp-content\/uploads\/2022\/01\/9ffa2ce54288d5eff653c107cdf1c8b7-60x92.jpg 60w, https:\/\/www.sublloo.com\/sl\/wp-content\/uploads\/2022\/01\/9ffa2ce54288d5eff653c107cdf1c8b7-110x168.jpg 110w\" sizes=\"auto, (max-width: 300px) 100vw, 300px\" \/> <img loading=\"lazy\" decoding=\"async\" class=\"wp-image-8713 alignleft\" src=\"https:\/\/www.sublloo.com\/sl\/wp-content\/uploads\/2022\/01\/ec39c3cef13a12d9fb09939600c910d1.jpg\" alt=\"\" width=\"326\" height=\"458\" srcset=\"https:\/\/www.sublloo.com\/sl\/wp-content\/uploads\/2022\/01\/ec39c3cef13a12d9fb09939600c910d1.jpg 235w, https:\/\/www.sublloo.com\/sl\/wp-content\/uploads\/2022\/01\/ec39c3cef13a12d9fb09939600c910d1-214x300.jpg 214w, https:\/\/www.sublloo.com\/sl\/wp-content\/uploads\/2022\/01\/ec39c3cef13a12d9fb09939600c910d1-60x84.jpg 60w, https:\/\/www.sublloo.com\/sl\/wp-content\/uploads\/2022\/01\/ec39c3cef13a12d9fb09939600c910d1-110x154.jpg 110w\" sizes=\"auto, (max-width: 326px) 100vw, 326px\" \/><\/p>\n<p><img loading=\"lazy\" decoding=\"async\" class=\"wp-image-8715 alignleft\" src=\"https:\/\/www.sublloo.com\/sl\/wp-content\/uploads\/2022\/01\/22.jpg\" alt=\"\" width=\"631\" height=\"331\" srcset=\"https:\/\/www.sublloo.com\/sl\/wp-content\/uploads\/2022\/01\/22.jpg 1024w, https:\/\/www.sublloo.com\/sl\/wp-content\/uploads\/2022\/01\/22-300x158.jpg 300w, https:\/\/www.sublloo.com\/sl\/wp-content\/uploads\/2022\/01\/22-768x404.jpg 768w, https:\/\/www.sublloo.com\/sl\/wp-content\/uploads\/2022\/01\/22-60x32.jpg 60w, https:\/\/www.sublloo.com\/sl\/wp-content\/uploads\/2022\/01\/22-110x58.jpg 110w, https:\/\/www.sublloo.com\/sl\/wp-content\/uploads\/2022\/01\/22-600x315.jpg 600w\" sizes=\"auto, (max-width: 631px) 100vw, 631px\" \/><\/p>\n<p>&nbsp;<\/p>\n","protected":false},"excerpt":{"rendered":"<p><img loading=\"lazy\" decoding=\"async\" class=\"alignnone wp-image-8725 \" src=\"https:\/\/www.sublloo.com\/sl\/wp-content\/uploads\/2022\/01\/pix.png\" alt=\"\" width=\"219\" height=\"73\" srcset=\"https:\/\/www.sublloo.com\/sl\/wp-content\/uploads\/2022\/01\/pix.png 962w, https:\/\/www.sublloo.com\/sl\/wp-content\/uploads\/2022\/01\/pix-300x100.png 300w, https:\/\/www.sublloo.com\/sl\/wp-content\/uploads\/2022\/01\/pix-768x255.png 768w, https:\/\/www.sublloo.com\/sl\/wp-content\/uploads\/2022\/01\/pix-60x20.png 60w, https:\/\/www.sublloo.com\/sl\/wp-content\/uploads\/2022\/01\/pix-110x37.png 110w, https:\/\/www.sublloo.com\/sl\/wp-content\/uploads\/2022\/01\/pix-600x200.png 600w\" sizes=\"auto, (max-width: 219px) 100vw, 219px\" \/><\/p>\n","protected":false},"featured_media":8728,"comment_status":"open","ping_status":"closed","template":"","meta":[],"product_brand":[],"product_cat":[714,239],"product_tag":[717,715,716],"class_list":{"0":"post-8711","1":"product","2":"type-product","3":"status-publish","4":"has-post-thumbnail","6":"product_cat-10x15","7":"product_cat-fotografias-e-posters","8":"product_tag-10-x15","9":"product_tag-fotografia","10":"product_tag-fotografia-personalizada","11":"product_shipping_class-personalizados","13":"first","14":"onbackorder","15":"sale","16":"shipping-taxable","17":"purchasable","18":"product-type-simple"},"_links":{"self":[{"href":"https:\/\/www.sublloo.com\/sl\/wp-json\/wp\/v2\/product\/8711","targetHints":{"allow":["GET"]}}],"collection":[{"href":"https:\/\/www.sublloo.com\/sl\/wp-json\/wp\/v2\/product"}],"about":[{"href":"https:\/\/www.sublloo.com\/sl\/wp-json\/wp\/v2\/types\/product"}],"replies":[{"embeddable":true,"href":"https:\/\/www.sublloo.com\/sl\/wp-json\/wp\/v2\/comments?post=8711"}],"wp:featuredmedia":[{"embeddable":true,"href":"https:\/\/www.sublloo.com\/sl\/wp-json\/wp\/v2\/media\/8728"}],"wp:attachment":[{"href":"https:\/\/www.sublloo.com\/sl\/wp-json\/wp\/v2\/media?parent=8711"}],"wp:term":[{"taxonomy":"product_brand","embeddable":true,"href":"https:\/\/www.sublloo.com\/sl\/wp-json\/wp\/v2\/product_brand?post=8711"},{"taxonomy":"product_cat","embeddable":true,"href":"https:\/\/www.sublloo.com\/sl\/wp-json\/wp\/v2\/product_cat?post=8711"},{"taxonomy":"product_tag","embeddable":true,"href":"https:\/\/www.sublloo.com\/sl\/wp-json\/wp\/v2\/product_tag?post=8711"}],"curies":[{"name":"wp","href":"https:\/\/api.w.org\/{rel}","templated":true}]}}